{"id":1678,"date":"2021-11-21T15:14:19","date_gmt":"2021-11-21T15:14:19","guid":{"rendered":"https:\/\/aznutrizioa.eus\/about\/"},"modified":"2025-05-07T17:00:46","modified_gmt":"2025-05-07T15:00:46","slug":"conoceme","status":"publish","type":"page","link":"https:\/\/aznutrizioa.eus\/es\/conoceme\/","title":{"rendered":"Con\u00f3ceme"},"content":{"rendered":"\t\t<div data-elementor-type=\"wp-page\" data-elementor-id=\"1678\" class=\"elementor elementor-1678\" data-elementor-post-type=\"page\">\n\t\t\t\t<div class=\"elementor-element elementor-element-054adba e-flex e-con-boxed e-con e-parent\" data-id=\"054adba\" data-element_type=\"container\">\n\t\t\t\t\t<div class=\"e-con-inner\">\n\t\t<div class=\"elementor-element elementor-element-79be4e8 e-con-full e-flex e-con e-child\" data-id=\"79be4e8\" data-element_type=\"container\">\n\t\t\t\t<div class=\"elementor-element elementor-element-bad73ef elementor-widget elementor-widget-image\" data-id=\"bad73ef\" data-element_type=\"widget\" data-widget_type=\"image.default\">\n\t\t\t\t<div class=\"elementor-widget-container\">\n\t\t\t\t\t\t\t\t\t\t\t\t\t\t\t<img fetchpriority=\"high\" decoding=\"async\" width=\"1370\" height=\"1598\" src=\"https:\/\/aznutrizioa.eus\/wp-content\/uploads\/2024\/03\/Imagen-de-WhatsApp-2024-03-03-a-las-13.48.59_1cd9150e.jpg\" class=\"attachment-full size-full wp-image-1721\" alt=\"\" srcset=\"https:\/\/aznutrizioa.eus\/wp-content\/uploads\/2024\/03\/Imagen-de-WhatsApp-2024-03-03-a-las-13.48.59_1cd9150e.jpg 1370w, https:\/\/aznutrizioa.eus\/wp-content\/uploads\/2024\/03\/Imagen-de-WhatsApp-2024-03-03-a-las-13.48.59_1cd9150e-686x800.jpg 686w, https:\/\/aznutrizioa.eus\/wp-content\/uploads\/2024\/03\/Imagen-de-WhatsApp-2024-03-03-a-las-13.48.59_1cd9150e-768x896.jpg 768w, https:\/\/aznutrizioa.eus\/wp-content\/uploads\/2024\/03\/Imagen-de-WhatsApp-2024-03-03-a-las-13.48.59_1cd9150e-1317x1536.jpg 1317w\" sizes=\"(max-width: 1370px) 100vw, 1370px\" \/>\t\t\t\t\t\t\t\t\t\t\t\t\t\t\t<\/div>\n\t\t\t\t<\/div>\n\t\t\t\t<\/div>\n\t\t<div class=\"elementor-element elementor-element-8c68cde e-con-full e-flex e-con e-child\" data-id=\"8c68cde\" data-element_type=\"container\">\n\t\t\t\t<div class=\"elementor-element elementor-element-6d36695 elementor-widget elementor-widget-heading\" data-id=\"6d36695\" data-element_type=\"widget\" data-widget_type=\"heading.default\">\n\t\t\t\t<div class=\"elementor-widget-container\">\n\t\t\t\t\t<h3 class=\"elementor-heading-title elementor-size-default\">Andoni Zubeldia<\/h3>\t\t\t\t<\/div>\n\t\t\t\t<\/div>\n\t\t\t\t<div class=\"elementor-element elementor-element-66dfb2f elementor-widget elementor-widget-text-editor\" data-id=\"66dfb2f\" data-element_type=\"widget\" data-widget_type=\"text-editor.default\">\n\t\t\t\t<div class=\"elementor-widget-container\">\n\t\t\t\t\t\t\t\t\t<div class=\"page\" title=\"Page 1\"><div class=\"section\"><div class=\"layoutArea\"><div class=\"column\"><p>Soy Andoni Zubeldia, nutricionista de profesio\u0301n y un apasionado de la nutricio\u0301n comprometido en mejorar la salud y el bienestar de los clientes. Nuestra misio\u0301n es brindar orientacio\u0301n nutricional de alta calidad y personalizada para ayudar a las personas a alcanzar sus objetivos de salud de manera efectiva y sostenible.<\/p><p>En AZ Nutrizioa se trabaja en una amplia variedad de a\u0301reas, incluyendo nutricio\u0301n deportiva, alimentacio\u0301n en las etapas de la mujer, nutricio\u0301n infantil, nutricio\u0301n cli\u0301nica, el manejo de alergias e intolerancias alimentarias y nutrigeno\u0301mica. Creemos en un enfoque holi\u0301stico de la nutricio\u0301n, donde se consideran no so\u0301lo los aspectos fi\u0301sicos, sino tambie\u0301n los emocionales y psicolo\u0301gicos de la alimentacio\u0301n.<\/p><p>Nos enorgullece ofrecer una atencio\u0301n personalizada y comprensiva a nuestros clientes, ayuda\u0301ndoles a tomar decisiones informadas sobre su alimentacio\u0301n y su salud. Estamos comprometidos en guiarlos a lo largo de su viaje hacia una vida ma\u0301s saludable y equilibrada. \u00a1Esperamos trabajar contigo y ser parte de tu viaje hacia una mejor salud y bienestar!<\/p><\/div><\/div><\/div><\/div>\t\t\t\t\t\t\t\t<\/div>\n\t\t\t\t<\/div>\n\t\t\t\t<div class=\"elementor-element elementor-element-e6d7aa3 elementor-icon-list--layout-traditional elementor-list-item-link-full_width elementor-widget elementor-widget-icon-list\" data-id=\"e6d7aa3\" data-element_type=\"widget\" data-widget_type=\"icon-list.default\">\n\t\t\t\t<div class=\"elementor-widget-container\">\n\t\t\t\t\t\t\t<ul class=\"elementor-icon-list-items\">\n\t\t\t\t\t\t\t<li class=\"elementor-icon-list-item\">\n\t\t\t\t\t\t\t\t\t\t<span class=\"elementor-icon-list-text\"><b>GRADUADO EN NUTRICI\u00d3N Y DIET\u00c9TICA:<\/b> Certificado oficialmente, con experiencia en el dise\u00f1o de planes nutricionales personalizados para alcanzar objetivos de salud y bienestar.<\/span>\n\t\t\t\t\t\t\t\t\t<\/li>\n\t\t\t\t\t\t\t\t<li class=\"elementor-icon-list-item\">\n\t\t\t\t\t\t\t\t\t\t<span class=\"elementor-icon-list-text\"><b>NUTRICI\u00d3N DEPORTIVA EN F\u00daTBOL:<\/b> (Bar\u00e7a Innovation Hub) Conocimiento avanzado en nutrici\u00f3n deportiva para optimizar el rendimiento f\u00edsico y la recuperaci\u00f3n, ayudando a deportistas a alcanzar sus metas atl\u00e9ticas.<\/span>\n\t\t\t\t\t\t\t\t\t<\/li>\n\t\t\t\t\t\t\t\t<li class=\"elementor-icon-list-item\">\n\t\t\t\t\t\t\t\t\t\t<span class=\"elementor-icon-list-text\"><b>ANTROPOMETR\u00cdA ISAK:<\/b> Formaci\u00f3n especializada en antropometr\u00eda, permitiendo una evaluaci\u00f3n precisa de la composici\u00f3n corporal para adaptar estrategias nutricionales efectivas.<\/span>\n\t\t\t\t\t\t\t\t\t<\/li>\n\t\t\t\t\t\t\t\t<li class=\"elementor-icon-list-item\">\n\t\t\t\t\t\t\t\t\t\t<span class=\"elementor-icon-list-text\"><b>T\u00c9CNICO DEPORTIVO:<\/b> Certificado como T\u00e9cnico Deportivo, combinando conocimientos en nutrici\u00f3n con estrategias espec\u00edficas para mejorar el desempe\u00f1o atl\u00e9tico y la recuperaci\u00f3n muscular.<\/span>\n\t\t\t\t\t\t\t\t\t<\/li>\n\t\t\t\t\t\t<\/ul>\n\t\t\t\t\t\t<\/div>\n\t\t\t\t<\/div>\n\t\t\t\t<\/div>\n\t\t\t\t\t<\/div>\n\t\t\t\t<\/div>\n\t\t\t\t<\/div>\n\t\t","protected":false},"excerpt":{"rendered":"<p>Andoni Zubeldia Soy Andoni Zubeldia, nutricionista de profesio\u0301n y un apasionado de la nutricio\u0301n comprometido en mejorar la salud y el bienestar de los clientes. Nuestra misio\u0301n es brindar orientacio\u0301n nutricional de alta calidad y personalizada para ayudar a las personas a alcanzar sus objetivos de salud de manera efectiva y sostenible. En AZ Nutrizioa [&hellip;]<\/p>\n","protected":false},"author":2,"featured_media":0,"parent":0,"menu_order":0,"comment_status":"closed","ping_status":"closed","template":"","meta":{"site-sidebar-layout":"no-sidebar","site-content-layout":"page-builder","ast-site-content-layout":"full-width-container","site-content-style":"unboxed","site-sidebar-style":"unboxed","ast-global-header-display":"","ast-banner-title-visibility":"","ast-main-header-display":"","ast-hfb-above-header-display":"","ast-hfb-below-header-display":"","ast-hfb-mobile-header-display":"","site-post-title":"disabled","ast-breadcrumbs-content":"","ast-featured-img":"disabled","footer-sml-layout":"","theme-transparent-header-meta":"disabled","adv-header-id-meta":"","stick-header-meta":"","header-above-stick-meta":"","header-main-stick-meta":"","header-below-stick-meta":"","astra-migrate-meta-layouts":"set","ast-page-background-enabled":"default","ast-page-background-meta":{"desktop":{"background-color":"var(--ast-global-color-4)","background-image":"","background-repeat":"repeat","background-position":"center center","background-size":"auto","background-attachment":"scroll","background-type":"","background-media":"","overlay-type":"","overlay-color":"","overlay-opacity":"","overlay-gradient":""},"tablet":{"background-color":"","background-image":"","background-repeat":"repeat","background-position":"center center","background-size":"auto","background-attachment":"scroll","background-type":"","background-media":"","overlay-type":"","overlay-color":"","overlay-opacity":"","overlay-gradient":""},"mobile":{"background-color":"","background-image":"","background-repeat":"repeat","background-position":"center center","background-size":"auto","background-attachment":"scroll","background-type":"","background-media":"","overlay-type":"","overlay-color":"","overlay-opacity":"","overlay-gradient":""}},"ast-content-background-meta":{"desktop":{"background-color":"var(--ast-global-color-5)","background-image":"","background-repeat":"repeat","background-position":"center center","background-size":"auto","background-attachment":"scroll","background-type":"","background-media":"","overlay-type":"","overlay-color":"","overlay-opacity":"","overlay-gradient":""},"tablet":{"background-color":"var(--ast-global-color-5)","background-image":"","background-repeat":"repeat","background-position":"center center","background-size":"auto","background-attachment":"scroll","background-type":"","background-media":"","overlay-type":"","overlay-color":"","overlay-opacity":"","overlay-gradient":""},"mobile":{"background-color":"var(--ast-global-color-5)","background-image":"","background-repeat":"repeat","background-position":"center center","background-size":"auto","background-attachment":"scroll","background-type":"","background-media":"","overlay-type":"","overlay-color":"","overlay-opacity":"","overlay-gradient":""}},"_joinchat":[],"footnotes":""},"class_list":["post-1678","page","type-page","status-publish","hentry"],"yoast_head":"<!-- This site is optimized with the Yoast SEO plugin v24.7 - https:\/\/yoast.com\/wordpress\/plugins\/seo\/ -->\n<title>Con\u00f3ceme - AZ Nutrizioa<\/title>\n<meta name=\"description\" content=\"Soy Andoni Zubeldia, nutricionista y un apasionado de la nutrici\u00f3n comprometido en mejorar la salud y el bienestar de los clientes.\" \/>\n<meta name=\"robots\" content=\"index, follow, max-snippet:-1, max-image-preview:large, max-video-preview:-1\" \/>\n<link rel=\"canonical\" href=\"https:\/\/aznutrizioa.eus\/es\/conoceme\/\" \/>\n<meta property=\"og:locale\" content=\"es_ES\" \/>\n<meta property=\"og:type\" content=\"article\" \/>\n<meta property=\"og:title\" content=\"Con\u00f3ceme - AZ Nutrizioa\" \/>\n<meta property=\"og:description\" content=\"Soy Andoni Zubeldia, nutricionista y un apasionado de la nutrici\u00f3n comprometido en mejorar la salud y el bienestar de los clientes.\" \/>\n<meta property=\"og:url\" content=\"https:\/\/aznutrizioa.eus\/es\/conoceme\/\" \/>\n<meta property=\"og:site_name\" content=\"AZ Nutrizioa\" \/>\n<meta property=\"article:modified_time\" content=\"2025-05-07T15:00:46+00:00\" \/>\n<meta property=\"og:image\" content=\"https:\/\/aznutrizioa.eus\/wp-content\/uploads\/2024\/03\/Imagen-de-WhatsApp-2024-03-03-a-las-13.48.59_1cd9150e.jpg\" \/>\n\t<meta property=\"og:image:width\" content=\"1370\" \/>\n\t<meta property=\"og:image:height\" content=\"1598\" \/>\n\t<meta property=\"og:image:type\" content=\"image\/jpeg\" \/>\n<meta name=\"twitter:card\" content=\"summary_large_image\" \/>\n<meta name=\"twitter:label1\" content=\"Tiempo de lectura\" \/>\n\t<meta name=\"twitter:data1\" content=\"2 minutos\" \/>\n<script type=\"application\/ld+json\" class=\"yoast-schema-graph\">{\"@context\":\"https:\/\/schema.org\",\"@graph\":[{\"@type\":\"WebPage\",\"@id\":\"https:\/\/aznutrizioa.eus\/es\/conoceme\/\",\"url\":\"https:\/\/aznutrizioa.eus\/es\/conoceme\/\",\"name\":\"Con\u00f3ceme - AZ Nutrizioa\",\"isPartOf\":{\"@id\":\"https:\/\/aznutrizioa.eus\/es\/#website\"},\"primaryImageOfPage\":{\"@id\":\"https:\/\/aznutrizioa.eus\/es\/conoceme\/#primaryimage\"},\"image\":{\"@id\":\"https:\/\/aznutrizioa.eus\/es\/conoceme\/#primaryimage\"},\"thumbnailUrl\":\"https:\/\/aznutrizioa.eus\/wp-content\/uploads\/2024\/03\/Imagen-de-WhatsApp-2024-03-03-a-las-13.48.59_1cd9150e.jpg\",\"datePublished\":\"2021-11-21T15:14:19+00:00\",\"dateModified\":\"2025-05-07T15:00:46+00:00\",\"description\":\"Soy Andoni Zubeldia, nutricionista y un apasionado de la nutrici\u00f3n comprometido en mejorar la salud y el bienestar de los clientes.\",\"breadcrumb\":{\"@id\":\"https:\/\/aznutrizioa.eus\/es\/conoceme\/#breadcrumb\"},\"inLanguage\":\"es\",\"potentialAction\":[{\"@type\":\"ReadAction\",\"target\":[\"https:\/\/aznutrizioa.eus\/es\/conoceme\/\"]}]},{\"@type\":\"ImageObject\",\"inLanguage\":\"es\",\"@id\":\"https:\/\/aznutrizioa.eus\/es\/conoceme\/#primaryimage\",\"url\":\"https:\/\/aznutrizioa.eus\/wp-content\/uploads\/2024\/03\/Imagen-de-WhatsApp-2024-03-03-a-las-13.48.59_1cd9150e.jpg\",\"contentUrl\":\"https:\/\/aznutrizioa.eus\/wp-content\/uploads\/2024\/03\/Imagen-de-WhatsApp-2024-03-03-a-las-13.48.59_1cd9150e.jpg\"},{\"@type\":\"BreadcrumbList\",\"@id\":\"https:\/\/aznutrizioa.eus\/es\/conoceme\/#breadcrumb\",\"itemListElement\":[{\"@type\":\"ListItem\",\"position\":1,\"name\":\"Portada\",\"item\":\"https:\/\/aznutrizioa.eus\/es\/\"},{\"@type\":\"ListItem\",\"position\":2,\"name\":\"Con\u00f3ceme\"}]},{\"@type\":\"WebSite\",\"@id\":\"https:\/\/aznutrizioa.eus\/es\/#website\",\"url\":\"https:\/\/aznutrizioa.eus\/es\/\",\"name\":\"AZ Nutrizioa\",\"description\":\"\",\"publisher\":{\"@id\":\"https:\/\/aznutrizioa.eus\/es\/#organization\"},\"potentialAction\":[{\"@type\":\"SearchAction\",\"target\":{\"@type\":\"EntryPoint\",\"urlTemplate\":\"https:\/\/aznutrizioa.eus\/es\/?s={search_term_string}\"},\"query-input\":{\"@type\":\"PropertyValueSpecification\",\"valueRequired\":true,\"valueName\":\"search_term_string\"}}],\"inLanguage\":\"es\"},{\"@type\":\"Organization\",\"@id\":\"https:\/\/aznutrizioa.eus\/es\/#organization\",\"name\":\"AZ Nutrizioa\",\"url\":\"https:\/\/aznutrizioa.eus\/es\/\",\"logo\":{\"@type\":\"ImageObject\",\"inLanguage\":\"es\",\"@id\":\"https:\/\/aznutrizioa.eus\/es\/#\/schema\/logo\/image\/\",\"url\":\"https:\/\/aznutrizioa.eus\/wp-content\/uploads\/2024\/03\/cropped-AZ-IKONOA-Berde-iluna-WEB-fondo-txuria.jpg\",\"contentUrl\":\"https:\/\/aznutrizioa.eus\/wp-content\/uploads\/2024\/03\/cropped-AZ-IKONOA-Berde-iluna-WEB-fondo-txuria.jpg\",\"width\":998,\"height\":1000,\"caption\":\"AZ Nutrizioa\"},\"image\":{\"@id\":\"https:\/\/aznutrizioa.eus\/es\/#\/schema\/logo\/image\/\"}}]}<\/script>\n<!-- \/ Yoast SEO plugin. -->","yoast_head_json":{"title":"Con\u00f3ceme - AZ Nutrizioa","description":"Soy Andoni Zubeldia, nutricionista y un apasionado de la nutrici\u00f3n comprometido en mejorar la salud y el bienestar de los clientes.","robots":{"index":"index","follow":"follow","max-snippet":"max-snippet:-1","max-image-preview":"max-image-preview:large","max-video-preview":"max-video-preview:-1"},"canonical":"https:\/\/aznutrizioa.eus\/es\/conoceme\/","og_locale":"es_ES","og_type":"article","og_title":"Con\u00f3ceme - AZ Nutrizioa","og_description":"Soy Andoni Zubeldia, nutricionista y un apasionado de la nutrici\u00f3n comprometido en mejorar la salud y el bienestar de los clientes.","og_url":"https:\/\/aznutrizioa.eus\/es\/conoceme\/","og_site_name":"AZ Nutrizioa","article_modified_time":"2025-05-07T15:00:46+00:00","og_image":[{"width":1370,"height":1598,"url":"https:\/\/aznutrizioa.eus\/wp-content\/uploads\/2024\/03\/Imagen-de-WhatsApp-2024-03-03-a-las-13.48.59_1cd9150e.jpg","type":"image\/jpeg"}],"twitter_card":"summary_large_image","twitter_misc":{"Tiempo de lectura":"2 minutos"},"schema":{"@context":"https:\/\/schema.org","@graph":[{"@type":"WebPage","@id":"https:\/\/aznutrizioa.eus\/es\/conoceme\/","url":"https:\/\/aznutrizioa.eus\/es\/conoceme\/","name":"Con\u00f3ceme - AZ Nutrizioa","isPartOf":{"@id":"https:\/\/aznutrizioa.eus\/es\/#website"},"primaryImageOfPage":{"@id":"https:\/\/aznutrizioa.eus\/es\/conoceme\/#primaryimage"},"image":{"@id":"https:\/\/aznutrizioa.eus\/es\/conoceme\/#primaryimage"},"thumbnailUrl":"https:\/\/aznutrizioa.eus\/wp-content\/uploads\/2024\/03\/Imagen-de-WhatsApp-2024-03-03-a-las-13.48.59_1cd9150e.jpg","datePublished":"2021-11-21T15:14:19+00:00","dateModified":"2025-05-07T15:00:46+00:00","description":"Soy Andoni Zubeldia, nutricionista y un apasionado de la nutrici\u00f3n comprometido en mejorar la salud y el bienestar de los clientes.","breadcrumb":{"@id":"https:\/\/aznutrizioa.eus\/es\/conoceme\/#breadcrumb"},"inLanguage":"es","potentialAction":[{"@type":"ReadAction","target":["https:\/\/aznutrizioa.eus\/es\/conoceme\/"]}]},{"@type":"ImageObject","inLanguage":"es","@id":"https:\/\/aznutrizioa.eus\/es\/conoceme\/#primaryimage","url":"https:\/\/aznutrizioa.eus\/wp-content\/uploads\/2024\/03\/Imagen-de-WhatsApp-2024-03-03-a-las-13.48.59_1cd9150e.jpg","contentUrl":"https:\/\/aznutrizioa.eus\/wp-content\/uploads\/2024\/03\/Imagen-de-WhatsApp-2024-03-03-a-las-13.48.59_1cd9150e.jpg"},{"@type":"BreadcrumbList","@id":"https:\/\/aznutrizioa.eus\/es\/conoceme\/#breadcrumb","itemListElement":[{"@type":"ListItem","position":1,"name":"Portada","item":"https:\/\/aznutrizioa.eus\/es\/"},{"@type":"ListItem","position":2,"name":"Con\u00f3ceme"}]},{"@type":"WebSite","@id":"https:\/\/aznutrizioa.eus\/es\/#website","url":"https:\/\/aznutrizioa.eus\/es\/","name":"AZ Nutrizioa","description":"","publisher":{"@id":"https:\/\/aznutrizioa.eus\/es\/#organization"},"potentialAction":[{"@type":"SearchAction","target":{"@type":"EntryPoint","urlTemplate":"https:\/\/aznutrizioa.eus\/es\/?s={search_term_string}"},"query-input":{"@type":"PropertyValueSpecification","valueRequired":true,"valueName":"search_term_string"}}],"inLanguage":"es"},{"@type":"Organization","@id":"https:\/\/aznutrizioa.eus\/es\/#organization","name":"AZ Nutrizioa","url":"https:\/\/aznutrizioa.eus\/es\/","logo":{"@type":"ImageObject","inLanguage":"es","@id":"https:\/\/aznutrizioa.eus\/es\/#\/schema\/logo\/image\/","url":"https:\/\/aznutrizioa.eus\/wp-content\/uploads\/2024\/03\/cropped-AZ-IKONOA-Berde-iluna-WEB-fondo-txuria.jpg","contentUrl":"https:\/\/aznutrizioa.eus\/wp-content\/uploads\/2024\/03\/cropped-AZ-IKONOA-Berde-iluna-WEB-fondo-txuria.jpg","width":998,"height":1000,"caption":"AZ Nutrizioa"},"image":{"@id":"https:\/\/aznutrizioa.eus\/es\/#\/schema\/logo\/image\/"}}]}},"_links":{"self":[{"href":"https:\/\/aznutrizioa.eus\/es\/wp-json\/wp\/v2\/pages\/1678","targetHints":{"allow":["GET"]}}],"collection":[{"href":"https:\/\/aznutrizioa.eus\/es\/wp-json\/wp\/v2\/pages"}],"about":[{"href":"https:\/\/aznutrizioa.eus\/es\/wp-json\/wp\/v2\/types\/page"}],"author":[{"embeddable":true,"href":"https:\/\/aznutrizioa.eus\/es\/wp-json\/wp\/v2\/users\/2"}],"replies":[{"embeddable":true,"href":"https:\/\/aznutrizioa.eus\/es\/wp-json\/wp\/v2\/comments?post=1678"}],"version-history":[{"count":81,"href":"https:\/\/aznutrizioa.eus\/es\/wp-json\/wp\/v2\/pages\/1678\/revisions"}],"predecessor-version":[{"id":3447,"href":"https:\/\/aznutrizioa.eus\/es\/wp-json\/wp\/v2\/pages\/1678\/revisions\/3447"}],"wp:attachment":[{"href":"https:\/\/aznutrizioa.eus\/es\/wp-json\/wp\/v2\/media?parent=1678"}],"curies":[{"name":"wp","href":"https:\/\/api.w.org\/{rel}","templated":true}]}}