{"id":1688,"date":"2024-03-03T11:20:56","date_gmt":"2024-03-03T10:20:56","guid":{"rendered":"https:\/\/aznutrizioa.eus\/?page_id=1688"},"modified":"2025-05-22T12:57:45","modified_gmt":"2025-05-22T10:57:45","slug":"nutricion-clinica","status":"publish","type":"page","link":"https:\/\/aznutrizioa.eus\/es\/nutricion-clinica\/","title":{"rendered":"Nutrici\u00f3n cl\u00ednica"},"content":{"rendered":"\t\t<div data-elementor-type=\"wp-page\" data-elementor-id=\"1688\" class=\"elementor elementor-1688\" data-elementor-post-type=\"page\">\n\t\t\t\t<div class=\"elementor-element elementor-element-840cbfa e-flex e-con-boxed e-con e-parent\" data-id=\"840cbfa\" data-element_type=\"container\">\n\t\t\t\t\t<div class=\"e-con-inner\">\n\t\t<div class=\"elementor-element elementor-element-cb5261f e-con-full e-flex e-con e-child\" data-id=\"cb5261f\" data-element_type=\"container\">\n\t\t\t\t<div class=\"elementor-element elementor-element-5cafdd5 elementor-widget elementor-widget-heading\" data-id=\"5cafdd5\" data-element_type=\"widget\" data-widget_type=\"heading.default\">\n\t\t\t\t<div class=\"elementor-widget-container\">\n\t\t\t\t\t<h3 class=\"elementor-heading-title elementor-size-default\">NUTRICI\u00d3N CL\u00cdNICA<\/h3>\t\t\t\t<\/div>\n\t\t\t\t<\/div>\n\t\t\t\t<div class=\"elementor-element elementor-element-6ab5589 elementor-widget elementor-widget-text-editor\" data-id=\"6ab5589\" data-element_type=\"widget\" data-widget_type=\"text-editor.default\">\n\t\t\t\t<div class=\"elementor-widget-container\">\n\t\t\t\t\t\t\t\t\t<p><strong>Abordamos problemas de salud espec\u00edficos a trav\u00e9s de una atenci\u00f3n nutricional personalizada.<\/strong><\/p>\t\t\t\t\t\t\t\t<\/div>\n\t\t\t\t<\/div>\n\t\t\t\t<div class=\"elementor-element elementor-element-2fab38e elementor-align-left elementor-icon-list--layout-traditional elementor-list-item-link-full_width elementor-widget elementor-widget-icon-list\" data-id=\"2fab38e\" data-element_type=\"widget\" data-widget_type=\"icon-list.default\">\n\t\t\t\t<div class=\"elementor-widget-container\">\n\t\t\t\t\t\t\t<ul class=\"elementor-icon-list-items\">\n\t\t\t\t\t\t\t<li class=\"elementor-icon-list-item\">\n\t\t\t\t\t\t\t\t\t\t\t<span class=\"elementor-icon-list-icon\">\n\t\t\t\t\t\t\t<svg aria-hidden=\"true\" class=\"e-font-icon-svg e-fas-check\" viewBox=\"0 0 512 512\" xmlns=\"http:\/\/www.w3.org\/2000\/svg\"><path d=\"M173.898 439.404l-166.4-166.4c-9.997-9.997-9.997-26.206 0-36.204l36.203-36.204c9.997-9.998 26.207-9.998 36.204 0L192 312.69 432.095 72.596c9.997-9.997 26.207-9.997 36.204 0l36.203 36.204c9.997 9.997 9.997 26.206 0 36.204l-294.4 294.401c-9.998 9.997-26.207 9.997-36.204-.001z\"><\/path><\/svg>\t\t\t\t\t\t<\/span>\n\t\t\t\t\t\t\t\t\t\t<span class=\"elementor-icon-list-text\">Tratamiento de patolog\u00edas como estre\u00f1imiento, diarrea, SIBO, SII, diabetes, hipercolesterolemia, etc. mediante la nutrici\u00f3n.<\/span>\n\t\t\t\t\t\t\t\t\t<\/li>\n\t\t\t\t\t\t\t\t<li class=\"elementor-icon-list-item\">\n\t\t\t\t\t\t\t\t\t\t\t<span class=\"elementor-icon-list-icon\">\n\t\t\t\t\t\t\t<svg aria-hidden=\"true\" class=\"e-font-icon-svg e-fas-check\" viewBox=\"0 0 512 512\" xmlns=\"http:\/\/www.w3.org\/2000\/svg\"><path d=\"M173.898 439.404l-166.4-166.4c-9.997-9.997-9.997-26.206 0-36.204l36.203-36.204c9.997-9.998 26.207-9.998 36.204 0L192 312.69 432.095 72.596c9.997-9.997 26.207-9.997 36.204 0l36.203 36.204c9.997 9.997 9.997 26.206 0 36.204l-294.4 294.401c-9.998 9.997-26.207 9.997-36.204-.001z\"><\/path><\/svg>\t\t\t\t\t\t<\/span>\n\t\t\t\t\t\t\t\t\t\t<span class=\"elementor-icon-list-text\">Reducci\u00f3n de s\u00edntomas digestivos como la sensaci\u00f3n de hinchaz\u00f3n o distensi\u00f3n.<\/span>\n\t\t\t\t\t\t\t\t\t<\/li>\n\t\t\t\t\t\t\t\t<li class=\"elementor-icon-list-item\">\n\t\t\t\t\t\t\t\t\t\t\t<span class=\"elementor-icon-list-icon\">\n\t\t\t\t\t\t\t<svg aria-hidden=\"true\" class=\"e-font-icon-svg e-fas-check\" viewBox=\"0 0 512 512\" xmlns=\"http:\/\/www.w3.org\/2000\/svg\"><path d=\"M173.898 439.404l-166.4-166.4c-9.997-9.997-9.997-26.206 0-36.204l36.203-36.204c9.997-9.998 26.207-9.998 36.204 0L192 312.69 432.095 72.596c9.997-9.997 26.207-9.997 36.204 0l36.203 36.204c9.997 9.997 9.997 26.206 0 36.204l-294.4 294.401c-9.998 9.997-26.207 9.997-36.204-.001z\"><\/path><\/svg>\t\t\t\t\t\t<\/span>\n\t\t\t\t\t\t\t\t\t\t<span class=\"elementor-icon-list-text\">Supervisi\u00f3n continua y ajustes en el plan alimentario por parte de la nutricionista, adaptados a tus s\u00edntomas y diagn\u00f3stico.<\/span>\n\t\t\t\t\t\t\t\t\t<\/li>\n\t\t\t\t\t\t\t\t<li class=\"elementor-icon-list-item\">\n\t\t\t\t\t\t\t\t\t\t\t<span class=\"elementor-icon-list-icon\">\n\t\t\t\t\t\t\t<svg aria-hidden=\"true\" class=\"e-font-icon-svg e-fas-check\" viewBox=\"0 0 512 512\" xmlns=\"http:\/\/www.w3.org\/2000\/svg\"><path d=\"M173.898 439.404l-166.4-166.4c-9.997-9.997-9.997-26.206 0-36.204l36.203-36.204c9.997-9.998 26.207-9.998 36.204 0L192 312.69 432.095 72.596c9.997-9.997 26.207-9.997 36.204 0l36.203 36.204c9.997 9.997 9.997 26.206 0 36.204l-294.4 294.401c-9.998 9.997-26.207 9.997-36.204-.001z\"><\/path><\/svg>\t\t\t\t\t\t<\/span>\n\t\t\t\t\t\t\t\t\t\t<span class=\"elementor-icon-list-text\">Respuesta a todas tus preguntas y preocupaciones relacionadas con tu afecci\u00f3n m\u00e9dica.<\/span>\n\t\t\t\t\t\t\t\t\t<\/li>\n\t\t\t\t\t\t\t\t<li class=\"elementor-icon-list-item\">\n\t\t\t\t\t\t\t\t\t\t\t<span class=\"elementor-icon-list-icon\">\n\t\t\t\t\t\t\t<svg aria-hidden=\"true\" class=\"e-font-icon-svg e-fas-check\" viewBox=\"0 0 512 512\" xmlns=\"http:\/\/www.w3.org\/2000\/svg\"><path d=\"M173.898 439.404l-166.4-166.4c-9.997-9.997-9.997-26.206 0-36.204l36.203-36.204c9.997-9.998 26.207-9.998 36.204 0L192 312.69 432.095 72.596c9.997-9.997 26.207-9.997 36.204 0l36.203 36.204c9.997 9.997 9.997 26.206 0 36.204l-294.4 294.401c-9.998 9.997-26.207 9.997-36.204-.001z\"><\/path><\/svg>\t\t\t\t\t\t<\/span>\n\t\t\t\t\t\t\t\t\t\t<span class=\"elementor-icon-list-text\">Garantiza que, a pesar de tu condici\u00f3n, est\u00e1s recibiendo todos los nutrientes esenciales y evitando alimentos perjudiciales para tu salud.<\/span>\n\t\t\t\t\t\t\t\t\t<\/li>\n\t\t\t\t\t\t<\/ul>\n\t\t\t\t\t\t<\/div>\n\t\t\t\t<\/div>\n\t\t\t\t<\/div>\n\t\t<div class=\"elementor-element elementor-element-6c9e224 e-con-full e-flex e-con e-child\" data-id=\"6c9e224\" data-element_type=\"container\">\n\t\t\t\t<div class=\"elementor-element elementor-element-daf5779 elementor-widget elementor-widget-image\" data-id=\"daf5779\" data-element_type=\"widget\" data-widget_type=\"image.default\">\n\t\t\t\t<div class=\"elementor-widget-container\">\n\t\t\t\t\t\t\t\t\t\t\t\t\t\t\t<img fetchpriority=\"high\" decoding=\"async\" width=\"1500\" height=\"1000\" src=\"https:\/\/aznutrizioa.eus\/wp-content\/uploads\/2025\/05\/Nutrizioa-kolorea.jpg\" class=\"attachment-full size-full wp-image-3326\" alt=\"\" srcset=\"https:\/\/aznutrizioa.eus\/wp-content\/uploads\/2025\/05\/Nutrizioa-kolorea.jpg 1500w, https:\/\/aznutrizioa.eus\/wp-content\/uploads\/2025\/05\/Nutrizioa-kolorea-800x533.jpg 800w, https:\/\/aznutrizioa.eus\/wp-content\/uploads\/2025\/05\/Nutrizioa-kolorea-1200x800.jpg 1200w, https:\/\/aznutrizioa.eus\/wp-content\/uploads\/2025\/05\/Nutrizioa-kolorea-768x512.jpg 768w\" sizes=\"(max-width: 1500px) 100vw, 1500px\" \/>\t\t\t\t\t\t\t\t\t\t\t\t\t\t\t<\/div>\n\t\t\t\t<\/div>\n\t\t\t\t<\/div>\n\t\t\t\t\t<\/div>\n\t\t\t\t<\/div>\n\t\t<div class=\"elementor-element elementor-element-595b6c0 e-flex e-con-boxed e-con e-parent\" data-id=\"595b6c0\" data-element_type=\"container\">\n\t\t\t\t\t<div class=\"e-con-inner\">\n\t\t\t\t<div class=\"elementor-element elementor-element-bb27f4b elementor-widget elementor-widget-spacer\" data-id=\"bb27f4b\" data-element_type=\"widget\" data-widget_type=\"spacer.default\">\n\t\t\t\t<div class=\"elementor-widget-container\">\n\t\t\t\t\t\t\t<div class=\"elementor-spacer\">\n\t\t\t<div class=\"elementor-spacer-inner\"><\/div>\n\t\t<\/div>\n\t\t\t\t\t\t<\/div>\n\t\t\t\t<\/div>\n\t\t\t\t\t<\/div>\n\t\t\t\t<\/div>\n\t\t\t\t<\/div>\n\t\t","protected":false},"excerpt":{"rendered":"<p>NUTRICI\u00d3N CL\u00cdNICA Abordamos problemas de salud espec\u00edficos a trav\u00e9s de una atenci\u00f3n nutricional personalizada. Tratamiento de patolog\u00edas como estre\u00f1imiento, diarrea, SIBO, SII, diabetes, hipercolesterolemia, etc. mediante la nutrici\u00f3n. Reducci\u00f3n de s\u00edntomas digestivos como la sensaci\u00f3n de hinchaz\u00f3n o distensi\u00f3n. Supervisi\u00f3n continua y ajustes en el plan alimentario por parte de la nutricionista, adaptados a tus [&hellip;]<\/p>\n","protected":false},"author":2,"featured_media":0,"parent":0,"menu_order":0,"comment_status":"closed","ping_status":"closed","template":"","meta":{"site-sidebar-layout":"no-sidebar","site-content-layout":"page-builder","ast-site-content-layout":"full-width-container","site-content-style":"unboxed","site-sidebar-style":"unboxed","ast-global-header-display":"","ast-banner-title-visibility":"","ast-main-header-display":"","ast-hfb-above-header-display":"","ast-hfb-below-header-display":"","ast-hfb-mobile-header-display":"","site-post-title":"disabled","ast-breadcrumbs-content":"","ast-featured-img":"disabled","footer-sml-layout":"","theme-transparent-header-meta":"","adv-header-id-meta":"","stick-header-meta":"","header-above-stick-meta":"","header-main-stick-meta":"","header-below-stick-meta":"","astra-migrate-meta-layouts":"set","ast-page-background-enabled":"default","ast-page-background-meta":{"desktop":{"background-color":"var(--ast-global-color-4)","background-image":"","background-repeat":"repeat","background-position":"center center","background-size":"auto","background-attachment":"scroll","background-type":"","background-media":"","overlay-type":"","overlay-color":"","overlay-opacity":"","overlay-gradient":""},"tablet":{"background-color":"","background-image":"","background-repeat":"repeat","background-position":"center center","background-size":"auto","background-attachment":"scroll","background-type":"","background-media":"","overlay-type":"","overlay-color":"","overlay-opacity":"","overlay-gradient":""},"mobile":{"background-color":"","background-image":"","background-repeat":"repeat","background-position":"center center","background-size":"auto","background-attachment":"scroll","background-type":"","background-media":"","overlay-type":"","overlay-color":"","overlay-opacity":"","overlay-gradient":""}},"ast-content-background-meta":{"desktop":{"background-color":"var(--ast-global-color-5)","background-image":"","background-repeat":"repeat","background-position":"center center","background-size":"auto","background-attachment":"scroll","background-type":"","background-media":"","overlay-type":"","overlay-color":"","overlay-opacity":"","overlay-gradient":""},"tablet":{"background-color":"var(--ast-global-color-5)","background-image":"","background-repeat":"repeat","background-position":"center center","background-size":"auto","background-attachment":"scroll","background-type":"","background-media":"","overlay-type":"","overlay-color":"","overlay-opacity":"","overlay-gradient":""},"mobile":{"background-color":"var(--ast-global-color-5)","background-image":"","background-repeat":"repeat","background-position":"center center","background-size":"auto","background-attachment":"scroll","background-type":"","background-media":"","overlay-type":"","overlay-color":"","overlay-opacity":"","overlay-gradient":""}},"_joinchat":[],"footnotes":""},"class_list":["post-1688","page","type-page","status-publish","hentry"],"yoast_head":"<!-- This site is optimized with the Yoast SEO plugin v24.7 - https:\/\/yoast.com\/wordpress\/plugins\/seo\/ -->\n<title>Nutrici\u00f3n cl\u00ednica - AZ Nutrizioa<\/title>\n<meta name=\"description\" content=\"Abordamos patolog\u00edas de salud digestiva, cardiovascular, hormonal, metab\u00f3lica y muchos m\u00e1s a trav\u00e9s de una atenci\u00f3n nutricional personalizada.\" \/>\n<meta name=\"robots\" content=\"index, follow, max-snippet:-1, max-image-preview:large, max-video-preview:-1\" \/>\n<link rel=\"canonical\" href=\"https:\/\/aznutrizioa.eus\/es\/nutricion-clinica\/\" \/>\n<meta property=\"og:locale\" content=\"es_ES\" \/>\n<meta property=\"og:type\" content=\"article\" \/>\n<meta property=\"og:title\" content=\"Nutrici\u00f3n cl\u00ednica - AZ Nutrizioa\" \/>\n<meta property=\"og:description\" content=\"Abordamos patolog\u00edas de salud digestiva, cardiovascular, hormonal, metab\u00f3lica y muchos m\u00e1s a trav\u00e9s de una atenci\u00f3n nutricional personalizada.\" \/>\n<meta property=\"og:url\" content=\"https:\/\/aznutrizioa.eus\/es\/nutricion-clinica\/\" \/>\n<meta property=\"og:site_name\" content=\"AZ Nutrizioa\" \/>\n<meta property=\"article:modified_time\" content=\"2025-05-22T10:57:45+00:00\" \/>\n<meta property=\"og:image\" content=\"https:\/\/aznutrizioa.eus\/wp-content\/uploads\/2025\/05\/Nutrizioa-kolorea.jpg\" \/>\n\t<meta property=\"og:image:width\" content=\"1500\" \/>\n\t<meta property=\"og:image:height\" content=\"1000\" \/>\n\t<meta property=\"og:image:type\" content=\"image\/jpeg\" \/>\n<meta name=\"twitter:card\" content=\"summary_large_image\" \/>\n<meta name=\"twitter:label1\" content=\"Tiempo de lectura\" \/>\n\t<meta name=\"twitter:data1\" content=\"1 minuto\" \/>\n<script type=\"application\/ld+json\" class=\"yoast-schema-graph\">{\"@context\":\"https:\/\/schema.org\",\"@graph\":[{\"@type\":\"WebPage\",\"@id\":\"https:\/\/aznutrizioa.eus\/es\/nutricion-clinica\/\",\"url\":\"https:\/\/aznutrizioa.eus\/es\/nutricion-clinica\/\",\"name\":\"Nutrici\u00f3n cl\u00ednica - AZ Nutrizioa\",\"isPartOf\":{\"@id\":\"https:\/\/aznutrizioa.eus\/es\/#website\"},\"primaryImageOfPage\":{\"@id\":\"https:\/\/aznutrizioa.eus\/es\/nutricion-clinica\/#primaryimage\"},\"image\":{\"@id\":\"https:\/\/aznutrizioa.eus\/es\/nutricion-clinica\/#primaryimage\"},\"thumbnailUrl\":\"https:\/\/aznutrizioa.eus\/wp-content\/uploads\/2025\/05\/Nutrizioa-kolorea.jpg\",\"datePublished\":\"2024-03-03T10:20:56+00:00\",\"dateModified\":\"2025-05-22T10:57:45+00:00\",\"description\":\"Abordamos patolog\u00edas de salud digestiva, cardiovascular, hormonal, metab\u00f3lica y muchos m\u00e1s a trav\u00e9s de una atenci\u00f3n nutricional personalizada.\",\"breadcrumb\":{\"@id\":\"https:\/\/aznutrizioa.eus\/es\/nutricion-clinica\/#breadcrumb\"},\"inLanguage\":\"es\",\"potentialAction\":[{\"@type\":\"ReadAction\",\"target\":[\"https:\/\/aznutrizioa.eus\/es\/nutricion-clinica\/\"]}]},{\"@type\":\"ImageObject\",\"inLanguage\":\"es\",\"@id\":\"https:\/\/aznutrizioa.eus\/es\/nutricion-clinica\/#primaryimage\",\"url\":\"https:\/\/aznutrizioa.eus\/wp-content\/uploads\/2025\/05\/Nutrizioa-kolorea.jpg\",\"contentUrl\":\"https:\/\/aznutrizioa.eus\/wp-content\/uploads\/2025\/05\/Nutrizioa-kolorea.jpg\"},{\"@type\":\"BreadcrumbList\",\"@id\":\"https:\/\/aznutrizioa.eus\/es\/nutricion-clinica\/#breadcrumb\",\"itemListElement\":[{\"@type\":\"ListItem\",\"position\":1,\"name\":\"Portada\",\"item\":\"https:\/\/aznutrizioa.eus\/es\/\"},{\"@type\":\"ListItem\",\"position\":2,\"name\":\"Nutrici\u00f3n cl\u00ednica\"}]},{\"@type\":\"WebSite\",\"@id\":\"https:\/\/aznutrizioa.eus\/es\/#website\",\"url\":\"https:\/\/aznutrizioa.eus\/es\/\",\"name\":\"AZ Nutrizioa\",\"description\":\"\",\"publisher\":{\"@id\":\"https:\/\/aznutrizioa.eus\/es\/#organization\"},\"potentialAction\":[{\"@type\":\"SearchAction\",\"target\":{\"@type\":\"EntryPoint\",\"urlTemplate\":\"https:\/\/aznutrizioa.eus\/es\/?s={search_term_string}\"},\"query-input\":{\"@type\":\"PropertyValueSpecification\",\"valueRequired\":true,\"valueName\":\"search_term_string\"}}],\"inLanguage\":\"es\"},{\"@type\":\"Organization\",\"@id\":\"https:\/\/aznutrizioa.eus\/es\/#organization\",\"name\":\"AZ Nutrizioa\",\"url\":\"https:\/\/aznutrizioa.eus\/es\/\",\"logo\":{\"@type\":\"ImageObject\",\"inLanguage\":\"es\",\"@id\":\"https:\/\/aznutrizioa.eus\/es\/#\/schema\/logo\/image\/\",\"url\":\"https:\/\/aznutrizioa.eus\/wp-content\/uploads\/2024\/03\/cropped-AZ-IKONOA-Berde-iluna-WEB-fondo-txuria.jpg\",\"contentUrl\":\"https:\/\/aznutrizioa.eus\/wp-content\/uploads\/2024\/03\/cropped-AZ-IKONOA-Berde-iluna-WEB-fondo-txuria.jpg\",\"width\":998,\"height\":1000,\"caption\":\"AZ Nutrizioa\"},\"image\":{\"@id\":\"https:\/\/aznutrizioa.eus\/es\/#\/schema\/logo\/image\/\"}}]}<\/script>\n<!-- \/ Yoast SEO plugin. -->","yoast_head_json":{"title":"Nutrici\u00f3n cl\u00ednica - AZ Nutrizioa","description":"Abordamos patolog\u00edas de salud digestiva, cardiovascular, hormonal, metab\u00f3lica y muchos m\u00e1s a trav\u00e9s de una atenci\u00f3n nutricional personalizada.","robots":{"index":"index","follow":"follow","max-snippet":"max-snippet:-1","max-image-preview":"max-image-preview:large","max-video-preview":"max-video-preview:-1"},"canonical":"https:\/\/aznutrizioa.eus\/es\/nutricion-clinica\/","og_locale":"es_ES","og_type":"article","og_title":"Nutrici\u00f3n cl\u00ednica - AZ Nutrizioa","og_description":"Abordamos patolog\u00edas de salud digestiva, cardiovascular, hormonal, metab\u00f3lica y muchos m\u00e1s a trav\u00e9s de una atenci\u00f3n nutricional personalizada.","og_url":"https:\/\/aznutrizioa.eus\/es\/nutricion-clinica\/","og_site_name":"AZ Nutrizioa","article_modified_time":"2025-05-22T10:57:45+00:00","og_image":[{"width":1500,"height":1000,"url":"https:\/\/aznutrizioa.eus\/wp-content\/uploads\/2025\/05\/Nutrizioa-kolorea.jpg","type":"image\/jpeg"}],"twitter_card":"summary_large_image","twitter_misc":{"Tiempo de lectura":"1 minuto"},"schema":{"@context":"https:\/\/schema.org","@graph":[{"@type":"WebPage","@id":"https:\/\/aznutrizioa.eus\/es\/nutricion-clinica\/","url":"https:\/\/aznutrizioa.eus\/es\/nutricion-clinica\/","name":"Nutrici\u00f3n cl\u00ednica - AZ Nutrizioa","isPartOf":{"@id":"https:\/\/aznutrizioa.eus\/es\/#website"},"primaryImageOfPage":{"@id":"https:\/\/aznutrizioa.eus\/es\/nutricion-clinica\/#primaryimage"},"image":{"@id":"https:\/\/aznutrizioa.eus\/es\/nutricion-clinica\/#primaryimage"},"thumbnailUrl":"https:\/\/aznutrizioa.eus\/wp-content\/uploads\/2025\/05\/Nutrizioa-kolorea.jpg","datePublished":"2024-03-03T10:20:56+00:00","dateModified":"2025-05-22T10:57:45+00:00","description":"Abordamos patolog\u00edas de salud digestiva, cardiovascular, hormonal, metab\u00f3lica y muchos m\u00e1s a trav\u00e9s de una atenci\u00f3n nutricional personalizada.","breadcrumb":{"@id":"https:\/\/aznutrizioa.eus\/es\/nutricion-clinica\/#breadcrumb"},"inLanguage":"es","potentialAction":[{"@type":"ReadAction","target":["https:\/\/aznutrizioa.eus\/es\/nutricion-clinica\/"]}]},{"@type":"ImageObject","inLanguage":"es","@id":"https:\/\/aznutrizioa.eus\/es\/nutricion-clinica\/#primaryimage","url":"https:\/\/aznutrizioa.eus\/wp-content\/uploads\/2025\/05\/Nutrizioa-kolorea.jpg","contentUrl":"https:\/\/aznutrizioa.eus\/wp-content\/uploads\/2025\/05\/Nutrizioa-kolorea.jpg"},{"@type":"BreadcrumbList","@id":"https:\/\/aznutrizioa.eus\/es\/nutricion-clinica\/#breadcrumb","itemListElement":[{"@type":"ListItem","position":1,"name":"Portada","item":"https:\/\/aznutrizioa.eus\/es\/"},{"@type":"ListItem","position":2,"name":"Nutrici\u00f3n cl\u00ednica"}]},{"@type":"WebSite","@id":"https:\/\/aznutrizioa.eus\/es\/#website","url":"https:\/\/aznutrizioa.eus\/es\/","name":"AZ Nutrizioa","description":"","publisher":{"@id":"https:\/\/aznutrizioa.eus\/es\/#organization"},"potentialAction":[{"@type":"SearchAction","target":{"@type":"EntryPoint","urlTemplate":"https:\/\/aznutrizioa.eus\/es\/?s={search_term_string}"},"query-input":{"@type":"PropertyValueSpecification","valueRequired":true,"valueName":"search_term_string"}}],"inLanguage":"es"},{"@type":"Organization","@id":"https:\/\/aznutrizioa.eus\/es\/#organization","name":"AZ Nutrizioa","url":"https:\/\/aznutrizioa.eus\/es\/","logo":{"@type":"ImageObject","inLanguage":"es","@id":"https:\/\/aznutrizioa.eus\/es\/#\/schema\/logo\/image\/","url":"https:\/\/aznutrizioa.eus\/wp-content\/uploads\/2024\/03\/cropped-AZ-IKONOA-Berde-iluna-WEB-fondo-txuria.jpg","contentUrl":"https:\/\/aznutrizioa.eus\/wp-content\/uploads\/2024\/03\/cropped-AZ-IKONOA-Berde-iluna-WEB-fondo-txuria.jpg","width":998,"height":1000,"caption":"AZ Nutrizioa"},"image":{"@id":"https:\/\/aznutrizioa.eus\/es\/#\/schema\/logo\/image\/"}}]}},"_links":{"self":[{"href":"https:\/\/aznutrizioa.eus\/es\/wp-json\/wp\/v2\/pages\/1688","targetHints":{"allow":["GET"]}}],"collection":[{"href":"https:\/\/aznutrizioa.eus\/es\/wp-json\/wp\/v2\/pages"}],"about":[{"href":"https:\/\/aznutrizioa.eus\/es\/wp-json\/wp\/v2\/types\/page"}],"author":[{"embeddable":true,"href":"https:\/\/aznutrizioa.eus\/es\/wp-json\/wp\/v2\/users\/2"}],"replies":[{"embeddable":true,"href":"https:\/\/aznutrizioa.eus\/es\/wp-json\/wp\/v2\/comments?post=1688"}],"version-history":[{"count":56,"href":"https:\/\/aznutrizioa.eus\/es\/wp-json\/wp\/v2\/pages\/1688\/revisions"}],"predecessor-version":[{"id":3360,"href":"https:\/\/aznutrizioa.eus\/es\/wp-json\/wp\/v2\/pages\/1688\/revisions\/3360"}],"wp:attachment":[{"href":"https:\/\/aznutrizioa.eus\/es\/wp-json\/wp\/v2\/media?parent=1688"}],"curies":[{"name":"wp","href":"https:\/\/api.w.org\/{rel}","templated":true}]}}