{"id":1689,"date":"2024-03-03T11:20:56","date_gmt":"2024-03-03T10:20:56","guid":{"rendered":"https:\/\/aznutrizioa.eus\/?page_id=1689"},"modified":"2025-05-21T18:00:05","modified_gmt":"2025-05-21T16:00:05","slug":"nutricion-deportiva","status":"publish","type":"page","link":"https:\/\/aznutrizioa.eus\/es\/nutricion-deportiva\/","title":{"rendered":"Nutrici\u00f3n deportiva"},"content":{"rendered":"\t\t<div data-elementor-type=\"wp-page\" data-elementor-id=\"1689\" class=\"elementor elementor-1689\" data-elementor-post-type=\"page\">\n\t\t\t\t<div class=\"elementor-element elementor-element-b25b8e4 e-flex e-con-boxed e-con e-parent\" data-id=\"b25b8e4\" data-element_type=\"container\">\n\t\t\t\t\t<div class=\"e-con-inner\">\n\t\t<div class=\"elementor-element elementor-element-87f9677 e-con-full e-flex e-con e-child\" data-id=\"87f9677\" data-element_type=\"container\">\n\t\t\t\t<div class=\"elementor-element elementor-element-957b1c5 elementor-widget elementor-widget-heading\" data-id=\"957b1c5\" data-element_type=\"widget\" data-widget_type=\"heading.default\">\n\t\t\t\t<div class=\"elementor-widget-container\">\n\t\t\t\t\t<h3 class=\"elementor-heading-title elementor-size-default\">NUTRICI\u00d3N DEPORTIVA<\/h3>\t\t\t\t<\/div>\n\t\t\t\t<\/div>\n\t\t\t\t<div class=\"elementor-element elementor-element-f626110 elementor-widget elementor-widget-text-editor\" data-id=\"f626110\" data-element_type=\"widget\" data-widget_type=\"text-editor.default\">\n\t\t\t\t<div class=\"elementor-widget-container\">\n\t\t\t\t\t\t\t\t\t<p><strong>En nuestra consulta de nutrici\u00f3n deportiva, nuestros servicios incluyen:<\/strong><\/p>\t\t\t\t\t\t\t\t<\/div>\n\t\t\t\t<\/div>\n\t\t\t\t<div class=\"elementor-element elementor-element-4a71825 elementor-align-left elementor-icon-list--layout-traditional elementor-list-item-link-full_width elementor-widget elementor-widget-icon-list\" data-id=\"4a71825\" data-element_type=\"widget\" data-widget_type=\"icon-list.default\">\n\t\t\t\t<div class=\"elementor-widget-container\">\n\t\t\t\t\t\t\t<ul class=\"elementor-icon-list-items\">\n\t\t\t\t\t\t\t<li class=\"elementor-icon-list-item\">\n\t\t\t\t\t\t\t\t\t\t\t<span class=\"elementor-icon-list-icon\">\n\t\t\t\t\t\t\t<svg aria-hidden=\"true\" class=\"e-font-icon-svg e-fas-check\" viewBox=\"0 0 512 512\" xmlns=\"http:\/\/www.w3.org\/2000\/svg\"><path d=\"M173.898 439.404l-166.4-166.4c-9.997-9.997-9.997-26.206 0-36.204l36.203-36.204c9.997-9.998 26.207-9.998 36.204 0L192 312.69 432.095 72.596c9.997-9.997 26.207-9.997 36.204 0l36.203 36.204c9.997 9.997 9.997 26.206 0 36.204l-294.4 294.401c-9.998 9.997-26.207 9.997-36.204-.001z\"><\/path><\/svg>\t\t\t\t\t\t<\/span>\n\t\t\t\t\t\t\t\t\t\t<span class=\"elementor-icon-list-text\">Planes semanales personalizados enfocados a los entrenamientos y competiciones.<\/span>\n\t\t\t\t\t\t\t\t\t<\/li>\n\t\t\t\t\t\t\t\t<li class=\"elementor-icon-list-item\">\n\t\t\t\t\t\t\t\t\t\t\t<span class=\"elementor-icon-list-icon\">\n\t\t\t\t\t\t\t<svg aria-hidden=\"true\" class=\"e-font-icon-svg e-fas-check\" viewBox=\"0 0 512 512\" xmlns=\"http:\/\/www.w3.org\/2000\/svg\"><path d=\"M173.898 439.404l-166.4-166.4c-9.997-9.997-9.997-26.206 0-36.204l36.203-36.204c9.997-9.998 26.207-9.998 36.204 0L192 312.69 432.095 72.596c9.997-9.997 26.207-9.997 36.204 0l36.203 36.204c9.997 9.997 9.997 26.206 0 36.204l-294.4 294.401c-9.998 9.997-26.207 9.997-36.204-.001z\"><\/path><\/svg>\t\t\t\t\t\t<\/span>\n\t\t\t\t\t\t\t\t\t\t<span class=\"elementor-icon-list-text\">Optimizaci\u00f3n de rendimiento y la mejora de composici\u00f3n corporal realizando un informe antropom\u00e9trico para cada deporte espec\u00edfico.<\/span>\n\t\t\t\t\t\t\t\t\t<\/li>\n\t\t\t\t\t\t\t\t<li class=\"elementor-icon-list-item\">\n\t\t\t\t\t\t\t\t\t\t\t<span class=\"elementor-icon-list-icon\">\n\t\t\t\t\t\t\t<svg aria-hidden=\"true\" class=\"e-font-icon-svg e-fas-check\" viewBox=\"0 0 512 512\" xmlns=\"http:\/\/www.w3.org\/2000\/svg\"><path d=\"M173.898 439.404l-166.4-166.4c-9.997-9.997-9.997-26.206 0-36.204l36.203-36.204c9.997-9.998 26.207-9.998 36.204 0L192 312.69 432.095 72.596c9.997-9.997 26.207-9.997 36.204 0l36.203 36.204c9.997 9.997 9.997 26.206 0 36.204l-294.4 294.401c-9.998 9.997-26.207 9.997-36.204-.001z\"><\/path><\/svg>\t\t\t\t\t\t<\/span>\n\t\t\t\t\t\t\t\t\t\t<span class=\"elementor-icon-list-text\">Gesti\u00f3n de energ\u00eda, alimentaci\u00f3n e hidrataci\u00f3n pre, intra y post entreno y competici\u00f3n.<\/span>\n\t\t\t\t\t\t\t\t\t<\/li>\n\t\t\t\t\t\t\t\t<li class=\"elementor-icon-list-item\">\n\t\t\t\t\t\t\t\t\t\t\t<span class=\"elementor-icon-list-icon\">\n\t\t\t\t\t\t\t<svg aria-hidden=\"true\" class=\"e-font-icon-svg e-fas-check\" viewBox=\"0 0 512 512\" xmlns=\"http:\/\/www.w3.org\/2000\/svg\"><path d=\"M173.898 439.404l-166.4-166.4c-9.997-9.997-9.997-26.206 0-36.204l36.203-36.204c9.997-9.998 26.207-9.998 36.204 0L192 312.69 432.095 72.596c9.997-9.997 26.207-9.997 36.204 0l36.203 36.204c9.997 9.997 9.997 26.206 0 36.204l-294.4 294.401c-9.998 9.997-26.207 9.997-36.204-.001z\"><\/path><\/svg>\t\t\t\t\t\t<\/span>\n\t\t\t\t\t\t\t\t\t\t<span class=\"elementor-icon-list-text\">Suplementaci\u00f3n para mejorar la salud y para mejorar el rendimiento deportivo.<\/span>\n\t\t\t\t\t\t\t\t\t<\/li>\n\t\t\t\t\t\t\t\t<li class=\"elementor-icon-list-item\">\n\t\t\t\t\t\t\t\t\t\t\t<span class=\"elementor-icon-list-icon\">\n\t\t\t\t\t\t\t<svg aria-hidden=\"true\" class=\"e-font-icon-svg e-fas-check\" viewBox=\"0 0 512 512\" xmlns=\"http:\/\/www.w3.org\/2000\/svg\"><path d=\"M173.898 439.404l-166.4-166.4c-9.997-9.997-9.997-26.206 0-36.204l36.203-36.204c9.997-9.998 26.207-9.998 36.204 0L192 312.69 432.095 72.596c9.997-9.997 26.207-9.997 36.204 0l36.203 36.204c9.997 9.997 9.997 26.206 0 36.204l-294.4 294.401c-9.998 9.997-26.207 9.997-36.204-.001z\"><\/path><\/svg>\t\t\t\t\t\t<\/span>\n\t\t\t\t\t\t\t\t\t\t<span class=\"elementor-icon-list-text\">Educaci\u00f3n nutricional para una nutrici\u00f3n deportiva.<\/span>\n\t\t\t\t\t\t\t\t\t<\/li>\n\t\t\t\t\t\t\t\t<li class=\"elementor-icon-list-item\">\n\t\t\t\t\t\t\t\t\t\t\t<span class=\"elementor-icon-list-icon\">\n\t\t\t\t\t\t\t<svg aria-hidden=\"true\" class=\"e-font-icon-svg e-fas-check\" viewBox=\"0 0 512 512\" xmlns=\"http:\/\/www.w3.org\/2000\/svg\"><path d=\"M173.898 439.404l-166.4-166.4c-9.997-9.997-9.997-26.206 0-36.204l36.203-36.204c9.997-9.998 26.207-9.998 36.204 0L192 312.69 432.095 72.596c9.997-9.997 26.207-9.997 36.204 0l36.203 36.204c9.997 9.997 9.997 26.206 0 36.204l-294.4 294.401c-9.998 9.997-26.207 9.997-36.204-.001z\"><\/path><\/svg>\t\t\t\t\t\t<\/span>\n\t\t\t\t\t\t\t\t\t\t<span class=\"elementor-icon-list-text\">Supervisi\u00f3n continua y ajustes en el plan nutricional por parte del nutricionista, adaptando los objetivos planteados.<\/span>\n\t\t\t\t\t\t\t\t\t<\/li>\n\t\t\t\t\t\t<\/ul>\n\t\t\t\t\t\t<\/div>\n\t\t\t\t<\/div>\n\t\t\t\t<\/div>\n\t\t<div class=\"elementor-element elementor-element-8dac897 e-con-full e-flex e-con e-child\" data-id=\"8dac897\" data-element_type=\"container\">\n\t\t\t\t<div class=\"elementor-element elementor-element-36defe8 elementor-widget elementor-widget-image\" data-id=\"36defe8\" data-element_type=\"widget\" data-widget_type=\"image.default\">\n\t\t\t\t<div class=\"elementor-widget-container\">\n\t\t\t\t\t\t\t\t\t\t\t\t\t\t\t<img fetchpriority=\"high\" decoding=\"async\" width=\"1500\" height=\"1000\" src=\"https:\/\/aznutrizioa.eus\/wp-content\/uploads\/2025\/05\/kirolariak-kolorea.jpg\" class=\"attachment-full size-full wp-image-3324\" alt=\"\" srcset=\"https:\/\/aznutrizioa.eus\/wp-content\/uploads\/2025\/05\/kirolariak-kolorea.jpg 1500w, https:\/\/aznutrizioa.eus\/wp-content\/uploads\/2025\/05\/kirolariak-kolorea-800x533.jpg 800w, https:\/\/aznutrizioa.eus\/wp-content\/uploads\/2025\/05\/kirolariak-kolorea-1200x800.jpg 1200w, https:\/\/aznutrizioa.eus\/wp-content\/uploads\/2025\/05\/kirolariak-kolorea-768x512.jpg 768w\" sizes=\"(max-width: 1500px) 100vw, 1500px\" \/>\t\t\t\t\t\t\t\t\t\t\t\t\t\t\t<\/div>\n\t\t\t\t<\/div>\n\t\t\t\t<\/div>\n\t\t\t\t\t<\/div>\n\t\t\t\t<\/div>\n\t\t<div class=\"elementor-element elementor-element-9313a9b e-flex e-con-boxed e-con e-parent\" data-id=\"9313a9b\" data-element_type=\"container\">\n\t\t\t\t\t<div class=\"e-con-inner\">\n\t\t\t\t<div class=\"elementor-element elementor-element-4320e35 elementor-widget elementor-widget-spacer\" data-id=\"4320e35\" data-element_type=\"widget\" data-widget_type=\"spacer.default\">\n\t\t\t\t<div class=\"elementor-widget-container\">\n\t\t\t\t\t\t\t<div class=\"elementor-spacer\">\n\t\t\t<div class=\"elementor-spacer-inner\"><\/div>\n\t\t<\/div>\n\t\t\t\t\t\t<\/div>\n\t\t\t\t<\/div>\n\t\t\t\t\t<\/div>\n\t\t\t\t<\/div>\n\t\t\t\t<\/div>\n\t\t","protected":false},"excerpt":{"rendered":"<p>NUTRICI\u00d3N DEPORTIVA En nuestra consulta de nutrici\u00f3n deportiva, nuestros servicios incluyen: Planes semanales personalizados enfocados a los entrenamientos y competiciones. Optimizaci\u00f3n de rendimiento y la mejora de composici\u00f3n corporal realizando un informe antropom\u00e9trico para cada deporte espec\u00edfico. Gesti\u00f3n de energ\u00eda, alimentaci\u00f3n e hidrataci\u00f3n pre, intra y post entreno y competici\u00f3n. Suplementaci\u00f3n para mejorar la salud [&hellip;]<\/p>\n","protected":false},"author":2,"featured_media":0,"parent":0,"menu_order":0,"comment_status":"closed","ping_status":"closed","template":"","meta":{"site-sidebar-layout":"no-sidebar","site-content-layout":"page-builder","ast-site-content-layout":"full-width-container","site-content-style":"unboxed","site-sidebar-style":"unboxed","ast-global-header-display":"","ast-banner-title-visibility":"","ast-main-header-display":"","ast-hfb-above-header-display":"","ast-hfb-below-header-display":"","ast-hfb-mobile-header-display":"","site-post-title":"disabled","ast-breadcrumbs-content":"","ast-featured-img":"disabled","footer-sml-layout":"","theme-transparent-header-meta":"","adv-header-id-meta":"","stick-header-meta":"","header-above-stick-meta":"","header-main-stick-meta":"","header-below-stick-meta":"","astra-migrate-meta-layouts":"set","ast-page-background-enabled":"default","ast-page-background-meta":{"desktop":{"background-color":"var(--ast-global-color-4)","background-image":"","background-repeat":"repeat","background-position":"center center","background-size":"auto","background-attachment":"scroll","background-type":"","background-media":"","overlay-type":"","overlay-color":"","overlay-opacity":"","overlay-gradient":""},"tablet":{"background-color":"","background-image":"","background-repeat":"repeat","background-position":"center center","background-size":"auto","background-attachment":"scroll","background-type":"","background-media":"","overlay-type":"","overlay-color":"","overlay-opacity":"","overlay-gradient":""},"mobile":{"background-color":"","background-image":"","background-repeat":"repeat","background-position":"center center","background-size":"auto","background-attachment":"scroll","background-type":"","background-media":"","overlay-type":"","overlay-color":"","overlay-opacity":"","overlay-gradient":""}},"ast-content-background-meta":{"desktop":{"background-color":"var(--ast-global-color-5)","background-image":"","background-repeat":"repeat","background-position":"center center","background-size":"auto","background-attachment":"scroll","background-type":"","background-media":"","overlay-type":"","overlay-color":"","overlay-opacity":"","overlay-gradient":""},"tablet":{"background-color":"var(--ast-global-color-5)","background-image":"","background-repeat":"repeat","background-position":"center center","background-size":"auto","background-attachment":"scroll","background-type":"","background-media":"","overlay-type":"","overlay-color":"","overlay-opacity":"","overlay-gradient":""},"mobile":{"background-color":"var(--ast-global-color-5)","background-image":"","background-repeat":"repeat","background-position":"center center","background-size":"auto","background-attachment":"scroll","background-type":"","background-media":"","overlay-type":"","overlay-color":"","overlay-opacity":"","overlay-gradient":""}},"_joinchat":[],"footnotes":""},"class_list":["post-1689","page","type-page","status-publish","hentry"],"yoast_head":"<!-- This site is optimized with the Yoast SEO plugin v24.7 - https:\/\/yoast.com\/wordpress\/plugins\/seo\/ -->\n<title>Nutrici\u00f3n deportiva - AZ Nutrizioa<\/title>\n<meta name=\"description\" content=\"Optimiza la alimentaci\u00f3n para mejorar el rendimiento deportivo y la recuperaci\u00f3n, adaptando las necesidades espec\u00edficas de los atletas.\" \/>\n<meta name=\"robots\" content=\"index, follow, max-snippet:-1, max-image-preview:large, max-video-preview:-1\" \/>\n<link rel=\"canonical\" href=\"https:\/\/aznutrizioa.eus\/es\/nutricion-deportiva\/\" \/>\n<meta property=\"og:locale\" content=\"es_ES\" \/>\n<meta property=\"og:type\" content=\"article\" \/>\n<meta property=\"og:title\" content=\"Nutrici\u00f3n deportiva - AZ Nutrizioa\" \/>\n<meta property=\"og:description\" content=\"Optimiza la alimentaci\u00f3n para mejorar el rendimiento deportivo y la recuperaci\u00f3n, adaptando las necesidades espec\u00edficas de los atletas.\" \/>\n<meta property=\"og:url\" content=\"https:\/\/aznutrizioa.eus\/es\/nutricion-deportiva\/\" \/>\n<meta property=\"og:site_name\" content=\"AZ Nutrizioa\" \/>\n<meta property=\"article:modified_time\" content=\"2025-05-21T16:00:05+00:00\" \/>\n<meta property=\"og:image\" content=\"https:\/\/aznutrizioa.eus\/wp-content\/uploads\/2025\/05\/kirolariak-kolorea.jpg\" \/>\n\t<meta property=\"og:image:width\" content=\"1500\" \/>\n\t<meta property=\"og:image:height\" content=\"1000\" \/>\n\t<meta property=\"og:image:type\" content=\"image\/jpeg\" \/>\n<meta name=\"twitter:card\" content=\"summary_large_image\" \/>\n<meta name=\"twitter:label1\" content=\"Tiempo de lectura\" \/>\n\t<meta name=\"twitter:data1\" content=\"1 minuto\" \/>\n<script type=\"application\/ld+json\" class=\"yoast-schema-graph\">{\"@context\":\"https:\/\/schema.org\",\"@graph\":[{\"@type\":\"WebPage\",\"@id\":\"https:\/\/aznutrizioa.eus\/es\/nutricion-deportiva\/\",\"url\":\"https:\/\/aznutrizioa.eus\/es\/nutricion-deportiva\/\",\"name\":\"Nutrici\u00f3n deportiva - AZ Nutrizioa\",\"isPartOf\":{\"@id\":\"https:\/\/aznutrizioa.eus\/es\/#website\"},\"primaryImageOfPage\":{\"@id\":\"https:\/\/aznutrizioa.eus\/es\/nutricion-deportiva\/#primaryimage\"},\"image\":{\"@id\":\"https:\/\/aznutrizioa.eus\/es\/nutricion-deportiva\/#primaryimage\"},\"thumbnailUrl\":\"https:\/\/aznutrizioa.eus\/wp-content\/uploads\/2025\/05\/kirolariak-kolorea.jpg\",\"datePublished\":\"2024-03-03T10:20:56+00:00\",\"dateModified\":\"2025-05-21T16:00:05+00:00\",\"description\":\"Optimiza la alimentaci\u00f3n para mejorar el rendimiento deportivo y la recuperaci\u00f3n, adaptando las necesidades espec\u00edficas de los atletas.\",\"breadcrumb\":{\"@id\":\"https:\/\/aznutrizioa.eus\/es\/nutricion-deportiva\/#breadcrumb\"},\"inLanguage\":\"es\",\"potentialAction\":[{\"@type\":\"ReadAction\",\"target\":[\"https:\/\/aznutrizioa.eus\/es\/nutricion-deportiva\/\"]}]},{\"@type\":\"ImageObject\",\"inLanguage\":\"es\",\"@id\":\"https:\/\/aznutrizioa.eus\/es\/nutricion-deportiva\/#primaryimage\",\"url\":\"https:\/\/aznutrizioa.eus\/wp-content\/uploads\/2025\/05\/kirolariak-kolorea.jpg\",\"contentUrl\":\"https:\/\/aznutrizioa.eus\/wp-content\/uploads\/2025\/05\/kirolariak-kolorea.jpg\"},{\"@type\":\"BreadcrumbList\",\"@id\":\"https:\/\/aznutrizioa.eus\/es\/nutricion-deportiva\/#breadcrumb\",\"itemListElement\":[{\"@type\":\"ListItem\",\"position\":1,\"name\":\"Portada\",\"item\":\"https:\/\/aznutrizioa.eus\/es\/\"},{\"@type\":\"ListItem\",\"position\":2,\"name\":\"Nutrici\u00f3n deportiva\"}]},{\"@type\":\"WebSite\",\"@id\":\"https:\/\/aznutrizioa.eus\/es\/#website\",\"url\":\"https:\/\/aznutrizioa.eus\/es\/\",\"name\":\"AZ Nutrizioa\",\"description\":\"\",\"publisher\":{\"@id\":\"https:\/\/aznutrizioa.eus\/es\/#organization\"},\"potentialAction\":[{\"@type\":\"SearchAction\",\"target\":{\"@type\":\"EntryPoint\",\"urlTemplate\":\"https:\/\/aznutrizioa.eus\/es\/?s={search_term_string}\"},\"query-input\":{\"@type\":\"PropertyValueSpecification\",\"valueRequired\":true,\"valueName\":\"search_term_string\"}}],\"inLanguage\":\"es\"},{\"@type\":\"Organization\",\"@id\":\"https:\/\/aznutrizioa.eus\/es\/#organization\",\"name\":\"AZ Nutrizioa\",\"url\":\"https:\/\/aznutrizioa.eus\/es\/\",\"logo\":{\"@type\":\"ImageObject\",\"inLanguage\":\"es\",\"@id\":\"https:\/\/aznutrizioa.eus\/es\/#\/schema\/logo\/image\/\",\"url\":\"https:\/\/aznutrizioa.eus\/wp-content\/uploads\/2024\/03\/cropped-AZ-IKONOA-Berde-iluna-WEB-fondo-txuria.jpg\",\"contentUrl\":\"https:\/\/aznutrizioa.eus\/wp-content\/uploads\/2024\/03\/cropped-AZ-IKONOA-Berde-iluna-WEB-fondo-txuria.jpg\",\"width\":998,\"height\":1000,\"caption\":\"AZ Nutrizioa\"},\"image\":{\"@id\":\"https:\/\/aznutrizioa.eus\/es\/#\/schema\/logo\/image\/\"}}]}<\/script>\n<!-- \/ Yoast SEO plugin. -->","yoast_head_json":{"title":"Nutrici\u00f3n deportiva - AZ Nutrizioa","description":"Optimiza la alimentaci\u00f3n para mejorar el rendimiento deportivo y la recuperaci\u00f3n, adaptando las necesidades espec\u00edficas de los atletas.","robots":{"index":"index","follow":"follow","max-snippet":"max-snippet:-1","max-image-preview":"max-image-preview:large","max-video-preview":"max-video-preview:-1"},"canonical":"https:\/\/aznutrizioa.eus\/es\/nutricion-deportiva\/","og_locale":"es_ES","og_type":"article","og_title":"Nutrici\u00f3n deportiva - AZ Nutrizioa","og_description":"Optimiza la alimentaci\u00f3n para mejorar el rendimiento deportivo y la recuperaci\u00f3n, adaptando las necesidades espec\u00edficas de los atletas.","og_url":"https:\/\/aznutrizioa.eus\/es\/nutricion-deportiva\/","og_site_name":"AZ Nutrizioa","article_modified_time":"2025-05-21T16:00:05+00:00","og_image":[{"width":1500,"height":1000,"url":"https:\/\/aznutrizioa.eus\/wp-content\/uploads\/2025\/05\/kirolariak-kolorea.jpg","type":"image\/jpeg"}],"twitter_card":"summary_large_image","twitter_misc":{"Tiempo de lectura":"1 minuto"},"schema":{"@context":"https:\/\/schema.org","@graph":[{"@type":"WebPage","@id":"https:\/\/aznutrizioa.eus\/es\/nutricion-deportiva\/","url":"https:\/\/aznutrizioa.eus\/es\/nutricion-deportiva\/","name":"Nutrici\u00f3n deportiva - AZ Nutrizioa","isPartOf":{"@id":"https:\/\/aznutrizioa.eus\/es\/#website"},"primaryImageOfPage":{"@id":"https:\/\/aznutrizioa.eus\/es\/nutricion-deportiva\/#primaryimage"},"image":{"@id":"https:\/\/aznutrizioa.eus\/es\/nutricion-deportiva\/#primaryimage"},"thumbnailUrl":"https:\/\/aznutrizioa.eus\/wp-content\/uploads\/2025\/05\/kirolariak-kolorea.jpg","datePublished":"2024-03-03T10:20:56+00:00","dateModified":"2025-05-21T16:00:05+00:00","description":"Optimiza la alimentaci\u00f3n para mejorar el rendimiento deportivo y la recuperaci\u00f3n, adaptando las necesidades espec\u00edficas de los atletas.","breadcrumb":{"@id":"https:\/\/aznutrizioa.eus\/es\/nutricion-deportiva\/#breadcrumb"},"inLanguage":"es","potentialAction":[{"@type":"ReadAction","target":["https:\/\/aznutrizioa.eus\/es\/nutricion-deportiva\/"]}]},{"@type":"ImageObject","inLanguage":"es","@id":"https:\/\/aznutrizioa.eus\/es\/nutricion-deportiva\/#primaryimage","url":"https:\/\/aznutrizioa.eus\/wp-content\/uploads\/2025\/05\/kirolariak-kolorea.jpg","contentUrl":"https:\/\/aznutrizioa.eus\/wp-content\/uploads\/2025\/05\/kirolariak-kolorea.jpg"},{"@type":"BreadcrumbList","@id":"https:\/\/aznutrizioa.eus\/es\/nutricion-deportiva\/#breadcrumb","itemListElement":[{"@type":"ListItem","position":1,"name":"Portada","item":"https:\/\/aznutrizioa.eus\/es\/"},{"@type":"ListItem","position":2,"name":"Nutrici\u00f3n deportiva"}]},{"@type":"WebSite","@id":"https:\/\/aznutrizioa.eus\/es\/#website","url":"https:\/\/aznutrizioa.eus\/es\/","name":"AZ Nutrizioa","description":"","publisher":{"@id":"https:\/\/aznutrizioa.eus\/es\/#organization"},"potentialAction":[{"@type":"SearchAction","target":{"@type":"EntryPoint","urlTemplate":"https:\/\/aznutrizioa.eus\/es\/?s={search_term_string}"},"query-input":{"@type":"PropertyValueSpecification","valueRequired":true,"valueName":"search_term_string"}}],"inLanguage":"es"},{"@type":"Organization","@id":"https:\/\/aznutrizioa.eus\/es\/#organization","name":"AZ Nutrizioa","url":"https:\/\/aznutrizioa.eus\/es\/","logo":{"@type":"ImageObject","inLanguage":"es","@id":"https:\/\/aznutrizioa.eus\/es\/#\/schema\/logo\/image\/","url":"https:\/\/aznutrizioa.eus\/wp-content\/uploads\/2024\/03\/cropped-AZ-IKONOA-Berde-iluna-WEB-fondo-txuria.jpg","contentUrl":"https:\/\/aznutrizioa.eus\/wp-content\/uploads\/2024\/03\/cropped-AZ-IKONOA-Berde-iluna-WEB-fondo-txuria.jpg","width":998,"height":1000,"caption":"AZ Nutrizioa"},"image":{"@id":"https:\/\/aznutrizioa.eus\/es\/#\/schema\/logo\/image\/"}}]}},"_links":{"self":[{"href":"https:\/\/aznutrizioa.eus\/es\/wp-json\/wp\/v2\/pages\/1689","targetHints":{"allow":["GET"]}}],"collection":[{"href":"https:\/\/aznutrizioa.eus\/es\/wp-json\/wp\/v2\/pages"}],"about":[{"href":"https:\/\/aznutrizioa.eus\/es\/wp-json\/wp\/v2\/types\/page"}],"author":[{"embeddable":true,"href":"https:\/\/aznutrizioa.eus\/es\/wp-json\/wp\/v2\/users\/2"}],"replies":[{"embeddable":true,"href":"https:\/\/aznutrizioa.eus\/es\/wp-json\/wp\/v2\/comments?post=1689"}],"version-history":[{"count":59,"href":"https:\/\/aznutrizioa.eus\/es\/wp-json\/wp\/v2\/pages\/1689\/revisions"}],"predecessor-version":[{"id":3472,"href":"https:\/\/aznutrizioa.eus\/es\/wp-json\/wp\/v2\/pages\/1689\/revisions\/3472"}],"wp:attachment":[{"href":"https:\/\/aznutrizioa.eus\/es\/wp-json\/wp\/v2\/media?parent=1689"}],"curies":[{"name":"wp","href":"https:\/\/api.w.org\/{rel}","templated":true}]}}