{"id":1693,"date":"2024-03-03T11:20:56","date_gmt":"2024-03-03T10:20:56","guid":{"rendered":"https:\/\/aznutrizioa.eus\/?page_id=1693"},"modified":"2025-04-04T09:41:24","modified_gmt":"2025-04-04T07:41:24","slug":"nutricion-en-las-etapas-de-la-mujer","status":"publish","type":"page","link":"https:\/\/aznutrizioa.eus\/es\/nutricion-en-las-etapas-de-la-mujer\/","title":{"rendered":"Nutrici\u00f3n en las Etapas de la Mujer"},"content":{"rendered":"\t\t<div data-elementor-type=\"wp-page\" data-elementor-id=\"1693\" class=\"elementor elementor-1693\" data-elementor-post-type=\"page\">\n\t\t\t\t<div class=\"elementor-element elementor-element-8c62b71 e-flex e-con-boxed e-con e-parent\" data-id=\"8c62b71\" data-element_type=\"container\">\n\t\t\t\t\t<div class=\"e-con-inner\">\n\t\t<div class=\"elementor-element elementor-element-a3a2de6 e-con-full e-flex e-con e-child\" data-id=\"a3a2de6\" data-element_type=\"container\">\n\t\t\t\t<div class=\"elementor-element elementor-element-6e9c785 elementor-widget elementor-widget-heading\" data-id=\"6e9c785\" data-element_type=\"widget\" data-widget_type=\"heading.default\">\n\t\t\t\t<div class=\"elementor-widget-container\">\n\t\t\t\t\t<h3 class=\"elementor-heading-title elementor-size-default\">NUTRICI\u00d3N EN LAS ETAPAS DE LA MUJER<\/h3>\t\t\t\t<\/div>\n\t\t\t\t<\/div>\n\t\t\t\t<div class=\"elementor-element elementor-element-6486990 elementor-widget elementor-widget-text-editor\" data-id=\"6486990\" data-element_type=\"widget\" data-widget_type=\"text-editor.default\">\n\t\t\t\t<div class=\"elementor-widget-container\">\n\t\t\t\t\t\t\t\t\t<p><strong>Ofrecemos asesoramiento nutricional espec\u00edfico para momentos clave de la mujer, como:<\/strong><\/p>\t\t\t\t\t\t\t\t<\/div>\n\t\t\t\t<\/div>\n\t\t\t\t<\/div>\n\t\t<div class=\"elementor-element elementor-element-a741ba7 e-con-full e-flex e-con e-child\" data-id=\"a741ba7\" data-element_type=\"container\">\n\t\t\t\t<\/div>\n\t\t<div class=\"elementor-element elementor-element-450ee83 e-con-full e-flex e-con e-child\" data-id=\"450ee83\" data-element_type=\"container\">\n\t\t\t\t<div class=\"elementor-element elementor-element-f9b8219 elementor-widget elementor-widget-heading\" data-id=\"f9b8219\" data-element_type=\"widget\" data-widget_type=\"heading.default\">\n\t\t\t\t<div class=\"elementor-widget-container\">\n\t\t\t\t\t<h3 class=\"elementor-heading-title elementor-size-default\">Nutrici\u00f3n y menstruaci\u00f3n<\/h3>\t\t\t\t<\/div>\n\t\t\t\t<\/div>\n\t\t\t\t<div class=\"elementor-element elementor-element-5710581 elementor-widget elementor-widget-text-editor\" data-id=\"5710581\" data-element_type=\"widget\" data-widget_type=\"text-editor.default\">\n\t\t\t\t<div class=\"elementor-widget-container\">\n\t\t\t\t\t\t\t\t\t<p>Comprendemos las complejidades hormonales que acompa\u00f1an a la menstruaci\u00f3n y c\u00f3mo pueden afectar las necesidades nutricionales de las mujeres. Por ello, abordamos diferentes tipos de trastornos menstruales como la amenorrea y otras alteraciones que pueden presentarse.<\/p>\t\t\t\t\t\t\t\t<\/div>\n\t\t\t\t<\/div>\n\t\t\t\t<\/div>\n\t\t<div class=\"elementor-element elementor-element-2458c01 e-con-full e-flex e-con e-child\" data-id=\"2458c01\" data-element_type=\"container\">\n\t\t\t\t<div class=\"elementor-element elementor-element-4de5b49 elementor-widget elementor-widget-image\" data-id=\"4de5b49\" data-element_type=\"widget\" data-widget_type=\"image.default\">\n\t\t\t\t<div class=\"elementor-widget-container\">\n\t\t\t\t\t\t\t\t\t\t\t\t\t\t\t<img fetchpriority=\"high\" decoding=\"async\" width=\"800\" height=\"600\" src=\"https:\/\/aznutrizioa.eus\/wp-content\/uploads\/2024\/03\/Diseno-sin-titulo-7.png\" class=\"attachment-full size-full wp-image-2786\" alt=\"\" srcset=\"https:\/\/aznutrizioa.eus\/wp-content\/uploads\/2024\/03\/Diseno-sin-titulo-7.png 800w, https:\/\/aznutrizioa.eus\/wp-content\/uploads\/2024\/03\/Diseno-sin-titulo-7-768x576.png 768w\" sizes=\"(max-width: 800px) 100vw, 800px\" \/>\t\t\t\t\t\t\t\t\t\t\t\t\t\t\t<\/div>\n\t\t\t\t<\/div>\n\t\t\t\t<\/div>\n\t\t<div class=\"elementor-element elementor-element-186324e e-con-full e-flex e-con e-child\" data-id=\"186324e\" data-element_type=\"container\">\n\t\t\t\t<div class=\"elementor-element elementor-element-fa549f4 elementor-widget elementor-widget-image\" data-id=\"fa549f4\" data-element_type=\"widget\" data-widget_type=\"image.default\">\n\t\t\t\t<div class=\"elementor-widget-container\">\n\t\t\t\t\t\t\t\t\t\t\t\t\t\t\t<img decoding=\"async\" width=\"800\" height=\"600\" src=\"https:\/\/aznutrizioa.eus\/wp-content\/uploads\/2024\/03\/Diseno-sin-titulo-2-2.png\" class=\"attachment-full size-full wp-image-2789\" alt=\"\" srcset=\"https:\/\/aznutrizioa.eus\/wp-content\/uploads\/2024\/03\/Diseno-sin-titulo-2-2.png 800w, https:\/\/aznutrizioa.eus\/wp-content\/uploads\/2024\/03\/Diseno-sin-titulo-2-2-768x576.png 768w\" sizes=\"(max-width: 800px) 100vw, 800px\" \/>\t\t\t\t\t\t\t\t\t\t\t\t\t\t\t<\/div>\n\t\t\t\t<\/div>\n\t\t\t\t<\/div>\n\t\t<div class=\"elementor-element elementor-element-fdb4ffc e-con-full e-flex e-con e-child\" data-id=\"fdb4ffc\" data-element_type=\"container\">\n\t\t\t\t<div class=\"elementor-element elementor-element-1328c88 elementor-widget elementor-widget-heading\" data-id=\"1328c88\" data-element_type=\"widget\" data-widget_type=\"heading.default\">\n\t\t\t\t<div class=\"elementor-widget-container\">\n\t\t\t\t\t<h3 class=\"elementor-heading-title elementor-size-default\">Nutrici\u00f3n y fertilidad<\/h3>\t\t\t\t<\/div>\n\t\t\t\t<\/div>\n\t\t\t\t<div class=\"elementor-element elementor-element-6fb7a38 elementor-widget elementor-widget-text-editor\" data-id=\"6fb7a38\" data-element_type=\"widget\" data-widget_type=\"text-editor.default\">\n\t\t\t\t<div class=\"elementor-widget-container\">\n\t\t\t\t\t\t\t\t\t<p>Para las mujeres en la etapa de la fertilidad y planificaci\u00f3n del embarazo, ofrecemos asesoramiento nutricional personalizado para optimizar la salud reproductiva. Destacamos la importancia de una alimentaci\u00f3n balanceada para preparar el cuerpo para un embarazo saludable y apoyar el desarrollo fetal.<\/p>\t\t\t\t\t\t\t\t<\/div>\n\t\t\t\t<\/div>\n\t\t\t\t<\/div>\n\t\t<div class=\"elementor-element elementor-element-13ad966 e-con-full e-flex e-con e-child\" data-id=\"13ad966\" data-element_type=\"container\">\n\t\t\t\t<div class=\"elementor-element elementor-element-c3f369c elementor-widget elementor-widget-heading\" data-id=\"c3f369c\" data-element_type=\"widget\" data-widget_type=\"heading.default\">\n\t\t\t\t<div class=\"elementor-widget-container\">\n\t\t\t\t\t<h3 class=\"elementor-heading-title elementor-size-default\">Nutrici\u00f3n en el embarazo y la lactancia<\/h3>\t\t\t\t<\/div>\n\t\t\t\t<\/div>\n\t\t\t\t<div class=\"elementor-element elementor-element-6e6859f elementor-widget elementor-widget-text-editor\" data-id=\"6e6859f\" data-element_type=\"widget\" data-widget_type=\"text-editor.default\">\n\t\t\t\t<div class=\"elementor-widget-container\">\n\t\t\t\t\t\t\t\t\t<p>Durante el embarazo y la lactancia, nuestro enfoque se centra en proporcionar nutrientes que satisfacen las crecientes demandas tanto de la madre como del beb\u00e9. Ofrecemos recomendaciones espec\u00edficas para asegurar una ingesta adecuada de nutrientes esenciales para el desarrollo adecuado del feto y la salud materna.<\/p>\t\t\t\t\t\t\t\t<\/div>\n\t\t\t\t<\/div>\n\t\t\t\t<\/div>\n\t\t<div class=\"elementor-element elementor-element-12babd5 e-con-full e-flex e-con e-child\" data-id=\"12babd5\" data-element_type=\"container\">\n\t\t\t\t<div class=\"elementor-element elementor-element-759bf8c elementor-widget elementor-widget-image\" data-id=\"759bf8c\" data-element_type=\"widget\" data-widget_type=\"image.default\">\n\t\t\t\t<div class=\"elementor-widget-container\">\n\t\t\t\t\t\t\t\t\t\t\t\t\t\t\t<img decoding=\"async\" width=\"800\" height=\"600\" src=\"https:\/\/aznutrizioa.eus\/wp-content\/uploads\/2024\/03\/Diseno-sin-titulo-4-1.png\" class=\"attachment-full size-full wp-image-2794\" alt=\"\" srcset=\"https:\/\/aznutrizioa.eus\/wp-content\/uploads\/2024\/03\/Diseno-sin-titulo-4-1.png 800w, https:\/\/aznutrizioa.eus\/wp-content\/uploads\/2024\/03\/Diseno-sin-titulo-4-1-768x576.png 768w\" sizes=\"(max-width: 800px) 100vw, 800px\" \/>\t\t\t\t\t\t\t\t\t\t\t\t\t\t\t<\/div>\n\t\t\t\t<\/div>\n\t\t\t\t<\/div>\n\t\t<div class=\"elementor-element elementor-element-c8b0fb2 e-con-full e-flex e-con e-child\" data-id=\"c8b0fb2\" data-element_type=\"container\">\n\t\t\t\t<div class=\"elementor-element elementor-element-1ad2837 elementor-widget elementor-widget-image\" data-id=\"1ad2837\" data-element_type=\"widget\" data-widget_type=\"image.default\">\n\t\t\t\t<div class=\"elementor-widget-container\">\n\t\t\t\t\t\t\t\t\t\t\t\t\t\t\t<img loading=\"lazy\" decoding=\"async\" width=\"800\" height=\"600\" src=\"https:\/\/aznutrizioa.eus\/wp-content\/uploads\/2024\/03\/Diseno-sin-titulo-3-1.png\" class=\"attachment-full size-full wp-image-2790\" alt=\"\" srcset=\"https:\/\/aznutrizioa.eus\/wp-content\/uploads\/2024\/03\/Diseno-sin-titulo-3-1.png 800w, https:\/\/aznutrizioa.eus\/wp-content\/uploads\/2024\/03\/Diseno-sin-titulo-3-1-768x576.png 768w\" sizes=\"(max-width: 800px) 100vw, 800px\" \/>\t\t\t\t\t\t\t\t\t\t\t\t\t\t\t<\/div>\n\t\t\t\t<\/div>\n\t\t\t\t<\/div>\n\t\t<div class=\"elementor-element elementor-element-8ec8909 e-con-full e-flex e-con e-child\" data-id=\"8ec8909\" data-element_type=\"container\">\n\t\t\t\t<div class=\"elementor-element elementor-element-540e81c elementor-widget elementor-widget-heading\" data-id=\"540e81c\" data-element_type=\"widget\" data-widget_type=\"heading.default\">\n\t\t\t\t<div class=\"elementor-widget-container\">\n\t\t\t\t\t<h3 class=\"elementor-heading-title elementor-size-default\">Nutrici\u00f3n y menopausia<\/h3>\t\t\t\t<\/div>\n\t\t\t\t<\/div>\n\t\t\t\t<div class=\"elementor-element elementor-element-c826a00 elementor-widget elementor-widget-text-editor\" data-id=\"c826a00\" data-element_type=\"widget\" data-widget_type=\"text-editor.default\">\n\t\t\t\t<div class=\"elementor-widget-container\">\n\t\t\t\t\t\t\t\t\t<p>En la etapa de la perimenopausia y la menopausia, tenemos en cuenta los cambios hormonales y las necesidades de salud \u00fanicas de las mujeres en esta etapa de la vida. Proporcionamos orientaci\u00f3n nutricional para aliviar los s\u00edntomas menop\u00e1usicos y reducir el riesgo de enfermedades cr\u00f3nicas, enfatizando la importancia de una dieta equilibrada.<\/p>\t\t\t\t\t\t\t\t<\/div>\n\t\t\t\t<\/div>\n\t\t\t\t<\/div>\n\t\t\t\t\t<\/div>\n\t\t\t\t<\/div>\n\t\t<div class=\"elementor-element elementor-element-8de5c29 e-flex e-con-boxed e-con e-parent\" data-id=\"8de5c29\" data-element_type=\"container\">\n\t\t\t\t\t<div class=\"e-con-inner\">\n\t\t<div class=\"elementor-element elementor-element-100b7ca e-con-full e-flex e-con e-child\" data-id=\"100b7ca\" data-element_type=\"container\">\n\t\t\t\t<div class=\"elementor-element elementor-element-38def09 elementor-widget elementor-widget-spacer\" data-id=\"38def09\" data-element_type=\"widget\" data-widget_type=\"spacer.default\">\n\t\t\t\t<div class=\"elementor-widget-container\">\n\t\t\t\t\t\t\t<div class=\"elementor-spacer\">\n\t\t\t<div class=\"elementor-spacer-inner\"><\/div>\n\t\t<\/div>\n\t\t\t\t\t\t<\/div>\n\t\t\t\t<\/div>\n\t\t\t\t<\/div>\n\t\t<div class=\"elementor-element elementor-element-a5f8dc7 e-con-full e-flex e-con e-child\" data-id=\"a5f8dc7\" data-element_type=\"container\">\n\t\t\t\t<div class=\"elementor-element elementor-element-82f48ac elementor-widget elementor-widget-spacer\" data-id=\"82f48ac\" data-element_type=\"widget\" data-widget_type=\"spacer.default\">\n\t\t\t\t<div class=\"elementor-widget-container\">\n\t\t\t\t\t\t\t<div class=\"elementor-spacer\">\n\t\t\t<div class=\"elementor-spacer-inner\"><\/div>\n\t\t<\/div>\n\t\t\t\t\t\t<\/div>\n\t\t\t\t<\/div>\n\t\t\t\t<\/div>\n\t\t\t\t\t<\/div>\n\t\t\t\t<\/div>\n\t\t\t\t<\/div>\n\t\t","protected":false},"excerpt":{"rendered":"<p>NUTRICI\u00d3N EN LAS ETAPAS DE LA MUJER Ofrecemos asesoramiento nutricional espec\u00edfico para momentos clave de la mujer, como: Nutrici\u00f3n y menstruaci\u00f3n Comprendemos las complejidades hormonales que acompa\u00f1an a la menstruaci\u00f3n y c\u00f3mo pueden afectar las necesidades nutricionales de las mujeres. Por ello, abordamos diferentes tipos de trastornos menstruales como la amenorrea y otras alteraciones que [&hellip;]<\/p>\n","protected":false},"author":2,"featured_media":0,"parent":0,"menu_order":0,"comment_status":"closed","ping_status":"closed","template":"","meta":{"site-sidebar-layout":"no-sidebar","site-content-layout":"page-builder","ast-site-content-layout":"full-width-container","site-content-style":"unboxed","site-sidebar-style":"unboxed","ast-global-header-display":"","ast-banner-title-visibility":"","ast-main-header-display":"","ast-hfb-above-header-display":"","ast-hfb-below-header-display":"","ast-hfb-mobile-header-display":"","site-post-title":"disabled","ast-breadcrumbs-content":"","ast-featured-img":"disabled","footer-sml-layout":"","theme-transparent-header-meta":"","adv-header-id-meta":"","stick-header-meta":"","header-above-stick-meta":"","header-main-stick-meta":"","header-below-stick-meta":"","astra-migrate-meta-layouts":"set","ast-page-background-enabled":"default","ast-page-background-meta":{"desktop":{"background-color":"var(--ast-global-color-4)","background-image":"","background-repeat":"repeat","background-position":"center center","background-size":"auto","background-attachment":"scroll","background-type":"","background-media":"","overlay-type":"","overlay-color":"","overlay-opacity":"","overlay-gradient":""},"tablet":{"background-color":"","background-image":"","background-repeat":"repeat","background-position":"center center","background-size":"auto","background-attachment":"scroll","background-type":"","background-media":"","overlay-type":"","overlay-color":"","overlay-opacity":"","overlay-gradient":""},"mobile":{"background-color":"","background-image":"","background-repeat":"repeat","background-position":"center center","background-size":"auto","background-attachment":"scroll","background-type":"","background-media":"","overlay-type":"","overlay-color":"","overlay-opacity":"","overlay-gradient":""}},"ast-content-background-meta":{"desktop":{"background-color":"var(--ast-global-color-5)","background-image":"","background-repeat":"repeat","background-position":"center center","background-size":"auto","background-attachment":"scroll","background-type":"","background-media":"","overlay-type":"","overlay-color":"","overlay-opacity":"","overlay-gradient":""},"tablet":{"background-color":"var(--ast-global-color-5)","background-image":"","background-repeat":"repeat","background-position":"center center","background-size":"auto","background-attachment":"scroll","background-type":"","background-media":"","overlay-type":"","overlay-color":"","overlay-opacity":"","overlay-gradient":""},"mobile":{"background-color":"var(--ast-global-color-5)","background-image":"","background-repeat":"repeat","background-position":"center center","background-size":"auto","background-attachment":"scroll","background-type":"","background-media":"","overlay-type":"","overlay-color":"","overlay-opacity":"","overlay-gradient":""}},"_joinchat":[],"footnotes":""},"class_list":["post-1693","page","type-page","status-publish","hentry"],"yoast_head":"<!-- This site is optimized with the Yoast SEO plugin v24.7 - https:\/\/yoast.com\/wordpress\/plugins\/seo\/ -->\n<title>Nutrici\u00f3n en las Etapas de la Mujer - AZ Nutrizioa<\/title>\n<meta name=\"description\" content=\"La alimentaci\u00f3n para cubrir las necesidades nutricionales espec\u00edficas durante el ciclo de vida, desde la adolescencia hasta la menopausia.\" \/>\n<meta name=\"robots\" content=\"index, follow, max-snippet:-1, max-image-preview:large, max-video-preview:-1\" \/>\n<link rel=\"canonical\" href=\"https:\/\/aznutrizioa.eus\/es\/nutricion-en-las-etapas-de-la-mujer\/\" \/>\n<meta property=\"og:locale\" content=\"es_ES\" \/>\n<meta property=\"og:type\" content=\"article\" \/>\n<meta property=\"og:title\" content=\"Nutrici\u00f3n en las Etapas de la Mujer - AZ Nutrizioa\" \/>\n<meta property=\"og:description\" content=\"La alimentaci\u00f3n para cubrir las necesidades nutricionales espec\u00edficas durante el ciclo de vida, desde la adolescencia hasta la menopausia.\" \/>\n<meta property=\"og:url\" content=\"https:\/\/aznutrizioa.eus\/es\/nutricion-en-las-etapas-de-la-mujer\/\" \/>\n<meta property=\"og:site_name\" content=\"AZ Nutrizioa\" \/>\n<meta property=\"article:modified_time\" content=\"2025-04-04T07:41:24+00:00\" \/>\n<meta property=\"og:image\" content=\"https:\/\/aznutrizioa.eus\/wp-content\/uploads\/2024\/03\/Diseno-sin-titulo-7.png\" \/>\n\t<meta property=\"og:image:width\" content=\"800\" \/>\n\t<meta property=\"og:image:height\" content=\"600\" \/>\n\t<meta property=\"og:image:type\" content=\"image\/png\" \/>\n<meta name=\"twitter:card\" content=\"summary_large_image\" \/>\n<meta name=\"twitter:label1\" content=\"Tiempo de lectura\" \/>\n\t<meta name=\"twitter:data1\" content=\"2 minutos\" \/>\n<script type=\"application\/ld+json\" class=\"yoast-schema-graph\">{\"@context\":\"https:\/\/schema.org\",\"@graph\":[{\"@type\":\"WebPage\",\"@id\":\"https:\/\/aznutrizioa.eus\/es\/nutricion-en-las-etapas-de-la-mujer\/\",\"url\":\"https:\/\/aznutrizioa.eus\/es\/nutricion-en-las-etapas-de-la-mujer\/\",\"name\":\"Nutrici\u00f3n en las Etapas de la Mujer - AZ Nutrizioa\",\"isPartOf\":{\"@id\":\"https:\/\/aznutrizioa.eus\/es\/#website\"},\"primaryImageOfPage\":{\"@id\":\"https:\/\/aznutrizioa.eus\/es\/nutricion-en-las-etapas-de-la-mujer\/#primaryimage\"},\"image\":{\"@id\":\"https:\/\/aznutrizioa.eus\/es\/nutricion-en-las-etapas-de-la-mujer\/#primaryimage\"},\"thumbnailUrl\":\"https:\/\/aznutrizioa.eus\/wp-content\/uploads\/2024\/03\/Diseno-sin-titulo-7.png\",\"datePublished\":\"2024-03-03T10:20:56+00:00\",\"dateModified\":\"2025-04-04T07:41:24+00:00\",\"description\":\"La alimentaci\u00f3n para cubrir las necesidades nutricionales espec\u00edficas durante el ciclo de vida, desde la adolescencia hasta la menopausia.\",\"breadcrumb\":{\"@id\":\"https:\/\/aznutrizioa.eus\/es\/nutricion-en-las-etapas-de-la-mujer\/#breadcrumb\"},\"inLanguage\":\"es\",\"potentialAction\":[{\"@type\":\"ReadAction\",\"target\":[\"https:\/\/aznutrizioa.eus\/es\/nutricion-en-las-etapas-de-la-mujer\/\"]}]},{\"@type\":\"ImageObject\",\"inLanguage\":\"es\",\"@id\":\"https:\/\/aznutrizioa.eus\/es\/nutricion-en-las-etapas-de-la-mujer\/#primaryimage\",\"url\":\"https:\/\/aznutrizioa.eus\/wp-content\/uploads\/2024\/03\/Diseno-sin-titulo-7.png\",\"contentUrl\":\"https:\/\/aznutrizioa.eus\/wp-content\/uploads\/2024\/03\/Diseno-sin-titulo-7.png\"},{\"@type\":\"BreadcrumbList\",\"@id\":\"https:\/\/aznutrizioa.eus\/es\/nutricion-en-las-etapas-de-la-mujer\/#breadcrumb\",\"itemListElement\":[{\"@type\":\"ListItem\",\"position\":1,\"name\":\"Portada\",\"item\":\"https:\/\/aznutrizioa.eus\/es\/\"},{\"@type\":\"ListItem\",\"position\":2,\"name\":\"Nutrici\u00f3n en las Etapas de la Mujer\"}]},{\"@type\":\"WebSite\",\"@id\":\"https:\/\/aznutrizioa.eus\/es\/#website\",\"url\":\"https:\/\/aznutrizioa.eus\/es\/\",\"name\":\"AZ Nutrizioa\",\"description\":\"\",\"publisher\":{\"@id\":\"https:\/\/aznutrizioa.eus\/es\/#organization\"},\"potentialAction\":[{\"@type\":\"SearchAction\",\"target\":{\"@type\":\"EntryPoint\",\"urlTemplate\":\"https:\/\/aznutrizioa.eus\/es\/?s={search_term_string}\"},\"query-input\":{\"@type\":\"PropertyValueSpecification\",\"valueRequired\":true,\"valueName\":\"search_term_string\"}}],\"inLanguage\":\"es\"},{\"@type\":\"Organization\",\"@id\":\"https:\/\/aznutrizioa.eus\/es\/#organization\",\"name\":\"AZ Nutrizioa\",\"url\":\"https:\/\/aznutrizioa.eus\/es\/\",\"logo\":{\"@type\":\"ImageObject\",\"inLanguage\":\"es\",\"@id\":\"https:\/\/aznutrizioa.eus\/es\/#\/schema\/logo\/image\/\",\"url\":\"https:\/\/aznutrizioa.eus\/wp-content\/uploads\/2024\/03\/cropped-AZ-IKONOA-Berde-iluna-WEB-fondo-txuria.jpg\",\"contentUrl\":\"https:\/\/aznutrizioa.eus\/wp-content\/uploads\/2024\/03\/cropped-AZ-IKONOA-Berde-iluna-WEB-fondo-txuria.jpg\",\"width\":998,\"height\":1000,\"caption\":\"AZ Nutrizioa\"},\"image\":{\"@id\":\"https:\/\/aznutrizioa.eus\/es\/#\/schema\/logo\/image\/\"}}]}<\/script>\n<!-- \/ Yoast SEO plugin. -->","yoast_head_json":{"title":"Nutrici\u00f3n en las Etapas de la Mujer - AZ Nutrizioa","description":"La alimentaci\u00f3n para cubrir las necesidades nutricionales espec\u00edficas durante el ciclo de vida, desde la adolescencia hasta la menopausia.","robots":{"index":"index","follow":"follow","max-snippet":"max-snippet:-1","max-image-preview":"max-image-preview:large","max-video-preview":"max-video-preview:-1"},"canonical":"https:\/\/aznutrizioa.eus\/es\/nutricion-en-las-etapas-de-la-mujer\/","og_locale":"es_ES","og_type":"article","og_title":"Nutrici\u00f3n en las Etapas de la Mujer - AZ Nutrizioa","og_description":"La alimentaci\u00f3n para cubrir las necesidades nutricionales espec\u00edficas durante el ciclo de vida, desde la adolescencia hasta la menopausia.","og_url":"https:\/\/aznutrizioa.eus\/es\/nutricion-en-las-etapas-de-la-mujer\/","og_site_name":"AZ Nutrizioa","article_modified_time":"2025-04-04T07:41:24+00:00","og_image":[{"width":800,"height":600,"url":"https:\/\/aznutrizioa.eus\/wp-content\/uploads\/2024\/03\/Diseno-sin-titulo-7.png","type":"image\/png"}],"twitter_card":"summary_large_image","twitter_misc":{"Tiempo de lectura":"2 minutos"},"schema":{"@context":"https:\/\/schema.org","@graph":[{"@type":"WebPage","@id":"https:\/\/aznutrizioa.eus\/es\/nutricion-en-las-etapas-de-la-mujer\/","url":"https:\/\/aznutrizioa.eus\/es\/nutricion-en-las-etapas-de-la-mujer\/","name":"Nutrici\u00f3n en las Etapas de la Mujer - AZ Nutrizioa","isPartOf":{"@id":"https:\/\/aznutrizioa.eus\/es\/#website"},"primaryImageOfPage":{"@id":"https:\/\/aznutrizioa.eus\/es\/nutricion-en-las-etapas-de-la-mujer\/#primaryimage"},"image":{"@id":"https:\/\/aznutrizioa.eus\/es\/nutricion-en-las-etapas-de-la-mujer\/#primaryimage"},"thumbnailUrl":"https:\/\/aznutrizioa.eus\/wp-content\/uploads\/2024\/03\/Diseno-sin-titulo-7.png","datePublished":"2024-03-03T10:20:56+00:00","dateModified":"2025-04-04T07:41:24+00:00","description":"La alimentaci\u00f3n para cubrir las necesidades nutricionales espec\u00edficas durante el ciclo de vida, desde la adolescencia hasta la menopausia.","breadcrumb":{"@id":"https:\/\/aznutrizioa.eus\/es\/nutricion-en-las-etapas-de-la-mujer\/#breadcrumb"},"inLanguage":"es","potentialAction":[{"@type":"ReadAction","target":["https:\/\/aznutrizioa.eus\/es\/nutricion-en-las-etapas-de-la-mujer\/"]}]},{"@type":"ImageObject","inLanguage":"es","@id":"https:\/\/aznutrizioa.eus\/es\/nutricion-en-las-etapas-de-la-mujer\/#primaryimage","url":"https:\/\/aznutrizioa.eus\/wp-content\/uploads\/2024\/03\/Diseno-sin-titulo-7.png","contentUrl":"https:\/\/aznutrizioa.eus\/wp-content\/uploads\/2024\/03\/Diseno-sin-titulo-7.png"},{"@type":"BreadcrumbList","@id":"https:\/\/aznutrizioa.eus\/es\/nutricion-en-las-etapas-de-la-mujer\/#breadcrumb","itemListElement":[{"@type":"ListItem","position":1,"name":"Portada","item":"https:\/\/aznutrizioa.eus\/es\/"},{"@type":"ListItem","position":2,"name":"Nutrici\u00f3n en las Etapas de la Mujer"}]},{"@type":"WebSite","@id":"https:\/\/aznutrizioa.eus\/es\/#website","url":"https:\/\/aznutrizioa.eus\/es\/","name":"AZ Nutrizioa","description":"","publisher":{"@id":"https:\/\/aznutrizioa.eus\/es\/#organization"},"potentialAction":[{"@type":"SearchAction","target":{"@type":"EntryPoint","urlTemplate":"https:\/\/aznutrizioa.eus\/es\/?s={search_term_string}"},"query-input":{"@type":"PropertyValueSpecification","valueRequired":true,"valueName":"search_term_string"}}],"inLanguage":"es"},{"@type":"Organization","@id":"https:\/\/aznutrizioa.eus\/es\/#organization","name":"AZ Nutrizioa","url":"https:\/\/aznutrizioa.eus\/es\/","logo":{"@type":"ImageObject","inLanguage":"es","@id":"https:\/\/aznutrizioa.eus\/es\/#\/schema\/logo\/image\/","url":"https:\/\/aznutrizioa.eus\/wp-content\/uploads\/2024\/03\/cropped-AZ-IKONOA-Berde-iluna-WEB-fondo-txuria.jpg","contentUrl":"https:\/\/aznutrizioa.eus\/wp-content\/uploads\/2024\/03\/cropped-AZ-IKONOA-Berde-iluna-WEB-fondo-txuria.jpg","width":998,"height":1000,"caption":"AZ Nutrizioa"},"image":{"@id":"https:\/\/aznutrizioa.eus\/es\/#\/schema\/logo\/image\/"}}]}},"_links":{"self":[{"href":"https:\/\/aznutrizioa.eus\/es\/wp-json\/wp\/v2\/pages\/1693","targetHints":{"allow":["GET"]}}],"collection":[{"href":"https:\/\/aznutrizioa.eus\/es\/wp-json\/wp\/v2\/pages"}],"about":[{"href":"https:\/\/aznutrizioa.eus\/es\/wp-json\/wp\/v2\/types\/page"}],"author":[{"embeddable":true,"href":"https:\/\/aznutrizioa.eus\/es\/wp-json\/wp\/v2\/users\/2"}],"replies":[{"embeddable":true,"href":"https:\/\/aznutrizioa.eus\/es\/wp-json\/wp\/v2\/comments?post=1693"}],"version-history":[{"count":59,"href":"https:\/\/aznutrizioa.eus\/es\/wp-json\/wp\/v2\/pages\/1693\/revisions"}],"predecessor-version":[{"id":3168,"href":"https:\/\/aznutrizioa.eus\/es\/wp-json\/wp\/v2\/pages\/1693\/revisions\/3168"}],"wp:attachment":[{"href":"https:\/\/aznutrizioa.eus\/es\/wp-json\/wp\/v2\/media?parent=1693"}],"curies":[{"name":"wp","href":"https:\/\/api.w.org\/{rel}","templated":true}]}}