{"id":3177,"date":"2025-04-04T10:51:59","date_gmt":"2025-04-04T08:51:59","guid":{"rendered":"https:\/\/aznutrizioa.eus\/politica-de-privacidad\/"},"modified":"2025-05-23T16:27:55","modified_gmt":"2025-05-23T14:27:55","slug":"politica-de-privacidad","status":"publish","type":"page","link":"https:\/\/aznutrizioa.eus\/es\/politica-de-privacidad\/","title":{"rendered":"Pol\u00edtica de privacidad"},"content":{"rendered":"<h2>Responsable del tratamiento<\/h2>\n<p>Andoni Zubeldia Olasagasti (en adelante, AZ Nutrizioa)<br \/>\nBarren Kale,\u00a08. 20170 Usurbil (Gipuzkoa)<br \/>\nDatos de contacto de la persona delegada de protecci\u00f3n de datos: Andoni Zubeldia<\/p>\n<h2>\u00bfQu\u00e9 datos tratamos y durante cu\u00e1nto tiempo?<\/h2>\n<p>AZ Nutrizioa tratar\u00e1 estos datos:<\/p>\n<ol>\n<li>Los datos de car\u00e1cter personal facilitados, en general; identificativos, caracter\u00edsticas personales, y de contacto electr\u00f3nico, en particular.<\/li>\n<li>Los datos autorizados en caso de registro por medio del login de redes sociales.<\/li>\n<li>Datos derivados de la relaci\u00f3n comercial con AZ Nutrizioa, esto es, los procedentes del uso de los distintos servicios;<\/li>\n<li>En su caso, aquellos que se faciliten en el proceso de compra o contrataci\u00f3n, en general; los obtenidos por el uso de la tarjeta (medio de pago y\/o fidelizaci\u00f3n), as\u00ed como las compras asociadas a la misma y datos para efectuar\/ autorizar el pago y facturar los productos y servicios, en particular.<\/li>\n<li>Los resultantes de procesos inform\u00e1ticos (h\u00e1bitos de navegaci\u00f3n o uso del sitio web), direcci\u00f3n IP e informaci\u00f3n recopilada a trav\u00e9s de cookies, etiquetas de p\u00edxel y otras tecnolog\u00edas.<\/li>\n<li>Aquellos que AZ Nutrizioa pueda inferir a partir de datos l\u00edcitamente obtenidos.<\/li>\n<\/ol>\n<p>AZ Nutrizioa tratar\u00e1 y almacenar\u00e1 los datos mientras la persona usuaria est\u00e9 activa en el sitio web y sea cliente, as\u00ed como durante el plazo de prescripci\u00f3n de obligaciones legales, que pudieran nacer de posibles responsabilidades vinculadas al tratamiento de los datos de cliente.<\/p>\n<h2>\u00bfQu\u00e9 consiente la persona usuaria cuando facilita sus datos?<\/h2>\n<p>AZ Nutrizioa, propietaria del sitio web, almacenar\u00e1 en un fichero los datos de car\u00e1cter personal necesarios, enumerados en el apartado precedente, con la finalidad de:<\/p>\n<ol>\n<li>Prestar el servicio demandado por la persona usuaria y que ofrece este sitio web, mantenerlo y mejorarlo.<\/li>\n<li>Ofrecer promociones ligadas a la condici\u00f3n de cliente\/a, a trav\u00e9s de medios de comunicaci\u00f3n electr\u00f3nica o no, referentes a productos o servicios del sector donde esta desarrolla su actividad. La persona usuaria puede oponerse al tratamiento de sus datos con fines promocionales y a la recepci\u00f3n de este tipo de env\u00edos, en el proceso de registro o en un momento posterior, siguiendo el procedimiento para el ejercicio de derechos descrito en el apartado 4.<\/li>\n<\/ol>\n<h2>\u00bfPuede la persona usuaria oponerse a recibir comunicaciones comerciales o al tratamiento con fines promocionales?<\/h2>\n<p>La persona usuaria puede oponerse en cualquier momento a recibir comunicaciones y al tratamiento de sus datos para fines comerciales y promocionales, escribi\u00e9ndonos a la direcci\u00f3n info@aznutrizioa.eus, llamando al tel\u00e9fono 606793756 o enviando un escrito a la siguiente direcci\u00f3n: Barren Kale,\u00a08. 20170 Usurbil (Gipuzkoa).<\/p>\n<h2>\u00bfLos datos son comunicados a terceros?<\/h2>\n<ul>\n<li><b>Administraci\u00f3n p\u00fablica, juzgados y tribunales<\/b>Si las autoridades gubernamentales, tales como los cuerpos de seguridad del estado, jueces y\/o tribunales, solicitan o requieren informaci\u00f3n o si es necesario presentarla para cumplir alguna Ley, AZ Nutrizioa comunicar\u00e1 a dichos terceros los datos que estos formalmente soliciten.<\/li>\n<\/ul>\n<h2>\u00bfC\u00f3mo puede ejercer sus derechos de revocaci\u00f3n, acceso, supresi\u00f3n, oposici\u00f3n, rectificaci\u00f3n, limitaci\u00f3n, portabilidad la persona usuaria?<\/h2>\n<p>Toda persona usuaria podr\u00e1 ejercitar los derechos de acceso, rectificaci\u00f3n, supresi\u00f3n, revocar su consentimiento, oponerse a su tratamiento, limitar el mismo y\/o solicitar la portabilidad de sus datos, a trav\u00e9s de los siguientes medios: mediante el correo electr\u00f3nico info@aznutrizioa.eus, por tel\u00e9fono (606793756) o enviando un escrito a la siguiente direcci\u00f3n postal: Barren Kale,\u00a08. 20170 Usurbil (Gipuzkoa)<\/p>\n<h2>Medidas de seguridad y confidencialidad de la informaci\u00f3n<\/h2>\n<p>AZ Nutrizioa ha adoptado las medidas oportunas de seguridad en sus instalaciones, sistemas y ficheros. Ha establecido todos los medios t\u00e9cnicos a su alcance para evitar la p\u00e9rdida, mal uso, alteraci\u00f3n, acceso no autorizado y robo de los datos que la persona usuaria facilite, velando as\u00ed por su integridad, disponibilidad y confidencialidad.<\/p>\n<h2>Cambios en la pol\u00edtica de privacidad<\/h2>\n<p>AZ Nutrizioa cumple escrupulosamente con las leyes aplicables a la protecci\u00f3n de datos y la privacidad de las personas usuarias. Para ello, se reserva el derecho a modificar unilateralmente, en cualquier momento y sin aviso previo, las condiciones de la presente pol\u00edtica de protecci\u00f3n de datos para adecuarla a cualquier cambio normativo o a cualquier modificaci\u00f3n en la presentaci\u00f3n y configuraci\u00f3n del sitio web.<\/p>\n","protected":false},"excerpt":{"rendered":"<p>Responsable del tratamiento Andoni Zubeldia Olasagasti (en adelante, AZ Nutrizioa) Barren Kale,\u00a08. 20170 Usurbil (Gipuzkoa) Datos de contacto de la persona delegada de protecci\u00f3n de datos: Andoni Zubeldia \u00bfQu\u00e9 datos tratamos y durante cu\u00e1nto tiempo? AZ Nutrizioa tratar\u00e1 estos datos: Los datos de car\u00e1cter personal facilitados, en general; identificativos, caracter\u00edsticas personales, y de contacto electr\u00f3nico, [&hellip;]<\/p>\n","protected":false},"author":1,"featured_media":0,"parent":0,"menu_order":0,"comment_status":"closed","ping_status":"closed","template":"","meta":{"site-sidebar-layout":"default","site-content-layout":"","ast-site-content-layout":"default","site-content-style":"default","site-sidebar-style":"default","ast-global-header-display":"","ast-banner-title-visibility":"","ast-main-header-display":"","ast-hfb-above-header-display":"","ast-hfb-below-header-display":"","ast-hfb-mobile-header-display":"","site-post-title":"","ast-breadcrumbs-content":"","ast-featured-img":"","footer-sml-layout":"","theme-transparent-header-meta":"","adv-header-id-meta":"","stick-header-meta":"","header-above-stick-meta":"","header-main-stick-meta":"","header-below-stick-meta":"","astra-migrate-meta-layouts":"set","ast-page-background-enabled":"default","ast-page-background-meta":{"desktop":{"background-color":"var(--ast-global-color-4)","background-image":"","background-repeat":"repeat","background-position":"center center","background-size":"auto","background-attachment":"scroll","background-type":"","background-media":"","overlay-type":"","overlay-color":"","overlay-opacity":"","overlay-gradient":""},"tablet":{"background-color":"","background-image":"","background-repeat":"repeat","background-position":"center center","background-size":"auto","background-attachment":"scroll","background-type":"","background-media":"","overlay-type":"","overlay-color":"","overlay-opacity":"","overlay-gradient":""},"mobile":{"background-color":"","background-image":"","background-repeat":"repeat","background-position":"center center","background-size":"auto","background-attachment":"scroll","background-type":"","background-media":"","overlay-type":"","overlay-color":"","overlay-opacity":"","overlay-gradient":""}},"ast-content-background-meta":{"desktop":{"background-color":"var(--ast-global-color-5)","background-image":"","background-repeat":"repeat","background-position":"center center","background-size":"auto","background-attachment":"scroll","background-type":"","background-media":"","overlay-type":"","overlay-color":"","overlay-opacity":"","overlay-gradient":""},"tablet":{"background-color":"var(--ast-global-color-5)","background-image":"","background-repeat":"repeat","background-position":"center center","background-size":"auto","background-attachment":"scroll","background-type":"","background-media":"","overlay-type":"","overlay-color":"","overlay-opacity":"","overlay-gradient":""},"mobile":{"background-color":"var(--ast-global-color-5)","background-image":"","background-repeat":"repeat","background-position":"center center","background-size":"auto","background-attachment":"scroll","background-type":"","background-media":"","overlay-type":"","overlay-color":"","overlay-opacity":"","overlay-gradient":""}},"_joinchat":[],"footnotes":""},"class_list":["post-3177","page","type-page","status-publish","hentry"],"yoast_head":"<!-- This site is optimized with the Yoast SEO plugin v24.7 - https:\/\/yoast.com\/wordpress\/plugins\/seo\/ -->\n<title>Pol\u00edtica de privacidad - AZ Nutrizioa<\/title>\n<meta name=\"robots\" content=\"noindex, follow\" \/>\n<meta property=\"og:locale\" content=\"es_ES\" \/>\n<meta property=\"og:type\" content=\"article\" \/>\n<meta property=\"og:title\" content=\"Pol\u00edtica de privacidad - AZ Nutrizioa\" \/>\n<meta property=\"og:description\" content=\"Responsable del tratamiento Andoni Zubeldia Olasagasti (en adelante, AZ Nutrizioa) Barren Kale,\u00a08. 20170 Usurbil (Gipuzkoa) Datos de contacto de la persona delegada de protecci\u00f3n de datos: Andoni Zubeldia \u00bfQu\u00e9 datos tratamos y durante cu\u00e1nto tiempo? AZ Nutrizioa tratar\u00e1 estos datos: Los datos de car\u00e1cter personal facilitados, en general; identificativos, caracter\u00edsticas personales, y de contacto electr\u00f3nico, [&hellip;]\" \/>\n<meta property=\"og:url\" content=\"https:\/\/aznutrizioa.eus\/es\/politica-de-privacidad\/\" \/>\n<meta property=\"og:site_name\" content=\"AZ Nutrizioa\" \/>\n<meta property=\"article:modified_time\" content=\"2025-05-23T14:27:55+00:00\" \/>\n<meta name=\"twitter:card\" content=\"summary_large_image\" \/>\n<meta name=\"twitter:label1\" content=\"Tiempo de lectura\" \/>\n\t<meta name=\"twitter:data1\" content=\"4 minutos\" \/>\n<script type=\"application\/ld+json\" class=\"yoast-schema-graph\">{\"@context\":\"https:\/\/schema.org\",\"@graph\":[{\"@type\":\"WebPage\",\"@id\":\"https:\/\/aznutrizioa.eus\/es\/politica-de-privacidad\/\",\"url\":\"https:\/\/aznutrizioa.eus\/es\/politica-de-privacidad\/\",\"name\":\"Pol\u00edtica de privacidad - AZ Nutrizioa\",\"isPartOf\":{\"@id\":\"https:\/\/aznutrizioa.eus\/es\/#website\"},\"datePublished\":\"2025-04-04T08:51:59+00:00\",\"dateModified\":\"2025-05-23T14:27:55+00:00\",\"breadcrumb\":{\"@id\":\"https:\/\/aznutrizioa.eus\/es\/politica-de-privacidad\/#breadcrumb\"},\"inLanguage\":\"es\",\"potentialAction\":[{\"@type\":\"ReadAction\",\"target\":[\"https:\/\/aznutrizioa.eus\/es\/politica-de-privacidad\/\"]}]},{\"@type\":\"BreadcrumbList\",\"@id\":\"https:\/\/aznutrizioa.eus\/es\/politica-de-privacidad\/#breadcrumb\",\"itemListElement\":[{\"@type\":\"ListItem\",\"position\":1,\"name\":\"Portada\",\"item\":\"https:\/\/aznutrizioa.eus\/es\/\"},{\"@type\":\"ListItem\",\"position\":2,\"name\":\"Pol\u00edtica de privacidad\"}]},{\"@type\":\"WebSite\",\"@id\":\"https:\/\/aznutrizioa.eus\/es\/#website\",\"url\":\"https:\/\/aznutrizioa.eus\/es\/\",\"name\":\"AZ Nutrizioa\",\"description\":\"\",\"publisher\":{\"@id\":\"https:\/\/aznutrizioa.eus\/es\/#organization\"},\"potentialAction\":[{\"@type\":\"SearchAction\",\"target\":{\"@type\":\"EntryPoint\",\"urlTemplate\":\"https:\/\/aznutrizioa.eus\/es\/?s={search_term_string}\"},\"query-input\":{\"@type\":\"PropertyValueSpecification\",\"valueRequired\":true,\"valueName\":\"search_term_string\"}}],\"inLanguage\":\"es\"},{\"@type\":\"Organization\",\"@id\":\"https:\/\/aznutrizioa.eus\/es\/#organization\",\"name\":\"AZ Nutrizioa\",\"url\":\"https:\/\/aznutrizioa.eus\/es\/\",\"logo\":{\"@type\":\"ImageObject\",\"inLanguage\":\"es\",\"@id\":\"https:\/\/aznutrizioa.eus\/es\/#\/schema\/logo\/image\/\",\"url\":\"https:\/\/aznutrizioa.eus\/wp-content\/uploads\/2024\/03\/cropped-AZ-IKONOA-Berde-iluna-WEB-fondo-txuria.jpg\",\"contentUrl\":\"https:\/\/aznutrizioa.eus\/wp-content\/uploads\/2024\/03\/cropped-AZ-IKONOA-Berde-iluna-WEB-fondo-txuria.jpg\",\"width\":998,\"height\":1000,\"caption\":\"AZ Nutrizioa\"},\"image\":{\"@id\":\"https:\/\/aznutrizioa.eus\/es\/#\/schema\/logo\/image\/\"}}]}<\/script>\n<!-- \/ Yoast SEO plugin. -->","yoast_head_json":{"title":"Pol\u00edtica de privacidad - AZ Nutrizioa","robots":{"index":"noindex","follow":"follow"},"og_locale":"es_ES","og_type":"article","og_title":"Pol\u00edtica de privacidad - AZ Nutrizioa","og_description":"Responsable del tratamiento Andoni Zubeldia Olasagasti (en adelante, AZ Nutrizioa) Barren Kale,\u00a08. 20170 Usurbil (Gipuzkoa) Datos de contacto de la persona delegada de protecci\u00f3n de datos: Andoni Zubeldia \u00bfQu\u00e9 datos tratamos y durante cu\u00e1nto tiempo? AZ Nutrizioa tratar\u00e1 estos datos: Los datos de car\u00e1cter personal facilitados, en general; identificativos, caracter\u00edsticas personales, y de contacto electr\u00f3nico, [&hellip;]","og_url":"https:\/\/aznutrizioa.eus\/es\/politica-de-privacidad\/","og_site_name":"AZ Nutrizioa","article_modified_time":"2025-05-23T14:27:55+00:00","twitter_card":"summary_large_image","twitter_misc":{"Tiempo de lectura":"4 minutos"},"schema":{"@context":"https:\/\/schema.org","@graph":[{"@type":"WebPage","@id":"https:\/\/aznutrizioa.eus\/es\/politica-de-privacidad\/","url":"https:\/\/aznutrizioa.eus\/es\/politica-de-privacidad\/","name":"Pol\u00edtica de privacidad - AZ Nutrizioa","isPartOf":{"@id":"https:\/\/aznutrizioa.eus\/es\/#website"},"datePublished":"2025-04-04T08:51:59+00:00","dateModified":"2025-05-23T14:27:55+00:00","breadcrumb":{"@id":"https:\/\/aznutrizioa.eus\/es\/politica-de-privacidad\/#breadcrumb"},"inLanguage":"es","potentialAction":[{"@type":"ReadAction","target":["https:\/\/aznutrizioa.eus\/es\/politica-de-privacidad\/"]}]},{"@type":"BreadcrumbList","@id":"https:\/\/aznutrizioa.eus\/es\/politica-de-privacidad\/#breadcrumb","itemListElement":[{"@type":"ListItem","position":1,"name":"Portada","item":"https:\/\/aznutrizioa.eus\/es\/"},{"@type":"ListItem","position":2,"name":"Pol\u00edtica de privacidad"}]},{"@type":"WebSite","@id":"https:\/\/aznutrizioa.eus\/es\/#website","url":"https:\/\/aznutrizioa.eus\/es\/","name":"AZ Nutrizioa","description":"","publisher":{"@id":"https:\/\/aznutrizioa.eus\/es\/#organization"},"potentialAction":[{"@type":"SearchAction","target":{"@type":"EntryPoint","urlTemplate":"https:\/\/aznutrizioa.eus\/es\/?s={search_term_string}"},"query-input":{"@type":"PropertyValueSpecification","valueRequired":true,"valueName":"search_term_string"}}],"inLanguage":"es"},{"@type":"Organization","@id":"https:\/\/aznutrizioa.eus\/es\/#organization","name":"AZ Nutrizioa","url":"https:\/\/aznutrizioa.eus\/es\/","logo":{"@type":"ImageObject","inLanguage":"es","@id":"https:\/\/aznutrizioa.eus\/es\/#\/schema\/logo\/image\/","url":"https:\/\/aznutrizioa.eus\/wp-content\/uploads\/2024\/03\/cropped-AZ-IKONOA-Berde-iluna-WEB-fondo-txuria.jpg","contentUrl":"https:\/\/aznutrizioa.eus\/wp-content\/uploads\/2024\/03\/cropped-AZ-IKONOA-Berde-iluna-WEB-fondo-txuria.jpg","width":998,"height":1000,"caption":"AZ Nutrizioa"},"image":{"@id":"https:\/\/aznutrizioa.eus\/es\/#\/schema\/logo\/image\/"}}]}},"_links":{"self":[{"href":"https:\/\/aznutrizioa.eus\/es\/wp-json\/wp\/v2\/pages\/3177","targetHints":{"allow":["GET"]}}],"collection":[{"href":"https:\/\/aznutrizioa.eus\/es\/wp-json\/wp\/v2\/pages"}],"about":[{"href":"https:\/\/aznutrizioa.eus\/es\/wp-json\/wp\/v2\/types\/page"}],"author":[{"embeddable":true,"href":"https:\/\/aznutrizioa.eus\/es\/wp-json\/wp\/v2\/users\/1"}],"replies":[{"embeddable":true,"href":"https:\/\/aznutrizioa.eus\/es\/wp-json\/wp\/v2\/comments?post=3177"}],"version-history":[{"count":1,"href":"https:\/\/aznutrizioa.eus\/es\/wp-json\/wp\/v2\/pages\/3177\/revisions"}],"predecessor-version":[{"id":3480,"href":"https:\/\/aznutrizioa.eus\/es\/wp-json\/wp\/v2\/pages\/3177\/revisions\/3480"}],"wp:attachment":[{"href":"https:\/\/aznutrizioa.eus\/es\/wp-json\/wp\/v2\/media?parent=3177"}],"curies":[{"name":"wp","href":"https:\/\/api.w.org\/{rel}","templated":true}]}}